{"id":6839,"date":"2015-06-03T16:23:45","date_gmt":"2015-06-03T16:23:45","guid":{"rendered":"http:\/\/grpainting.it\/?page_id=6839"},"modified":"2022-09-21T11:09:43","modified_gmt":"2022-09-21T11:09:43","slug":"privacy-policy","status":"publish","type":"page","link":"https:\/\/grpainting.it\/it\/privacy-policy\/","title":{"rendered":"Privacy Policy"},"content":{"rendered":"<p><strong>Regolamento (UE) 2016\/679 GDPR<\/strong><\/p>\n<p><em>Informativa resa per i dati personali raccolti attraverso la navigazione sul sito web<\/em><\/p>\n<p>Il GDPR impone l&#8217;obbligo di informare l&#8217;interessato sugli elementi fondamentali del trattamento.<\/p>\n<p>Poich\u00e9 la GR PAINTING srl adempie compiutamente all&#8217;osservanza di quanto previsto, intende con la presente fornirVi le dovute informazioni in ordine a: natura dei dati in nostro possesso, finalit\u00e0 e modalit\u00e0 del trattamento dei dati personali, nonch\u00e9 all&#8217;ambito di eventuale comunicazione e\/o diffusione degli stessi. Secondo la legge indicata, la GR PAINTING srl garantisce che il trattamento dei dati personali si svolga nel rispetto dei diritti e delle libert\u00e0 fondamentali, nonch\u00e9 della dignit\u00e0 dell&#8217;interessato. La presente informativa, \u00e8 valida per tutti i dati raccolti dalla GR PAINTING srl attraverso il proprio sito web.<\/p>\n<p>Per &#8220;trattamento&#8221; dei dati personali si intende qualsiasi tipo di operazione di raccolta, registrazione, conservazione, modificazione, comunicazione, cancellazione e diffusione di dati personali. I sistemi informatici e le procedure software preposte al funzionamento di questo sito web acquisiscono, nel corso del loro normale esercizio, alcuni dati personali la cui trasmissione \u00e8 implicita nell&#8217;uso dei protocolli di comunicazione di internet. Di conseguenza, il mero accesso al sito implica l&#8217;acquisizione da parte della GR PAINTING srl di informazioni e dati che riguardano l&#8217;utente.<\/p>\n<p>&nbsp;<\/p>\n<ol>\n<li><strong>Finalit\u00e0 del trattamento dei dati personali<\/strong><\/li>\n<\/ol>\n<p>Per tutti gli utenti del sito i dati personali potranno essere utilizzati per:<\/p>\n<ol>\n<li>permettere la navigazione attraverso le pagine web pubbliche del nostro sito<\/li>\n<li>rispondere alle richieste ricevute attraverso gli indirizzi e-mail pubblicati sul sito<\/li>\n<li>ricavare informazioni statistiche anonime sull&#8217;uso del sito<\/li>\n<li>ricavare informazioni statistiche anonime sulle aree geografiche di provenienza<\/li>\n<li>controllare il corretto funzionamento del sito<\/li>\n<li>l&#8217;accertamento di eventuali responsabilit\u00e0 in caso di illeciti commessi a danno del sito.<\/li>\n<\/ol>\n<p>I dati personali degli utenti che effettuano la registrazione al sito saranno trattati, oltre che per le finalit\u00e0 sopra descritte, anche per le finalit\u00e0 connesse ai servizi richiesti e in particolare per:<\/p>\n<p>&#8211; permettere la navigazione attraverso le pagine web riservate del nostro sito<\/p>\n<p>&#8211; effettuare la registrazione degli utenti al servizio richiesto<\/p>\n<p>&#8211; adempiere agli obblighi contrattuali del servizio richiesto<\/p>\n<p>&#8211; finalit\u00e0 di marketing<\/p>\n<p>&#8211; invio di informazioni pubblicitarie, tecniche e promozionali attraverso la posta elettronica.<\/p>\n<p>&nbsp;<\/p>\n<ol start=\"2\">\n<li><strong>Ambito di comunicazione e diffusione dei dati<\/strong><\/li>\n<\/ol>\n<p>Nel rispetto delle finalit\u00e0 sopraelencate e ferma la comunicazione a terzi operata in esecuzione di obblighi di legge o derivanti da regolamenti o altra normativa comunitaria, i dati potranno essere da noi comunicati, in Italia e all&#8217;estero a: terzi che svolgono attivit\u00e0 di analisi dei dati a fini statistici e terzi incaricati della manutenzione del sito da parte del Titolare e sotto la sua vigilanza. I dati personali degli utenti registrati potranno essere inoltre comunicati a soggetti incaricati dal titolare che forniscono i servizi disponibili nel sito. Nessun dato personale acquisito dal servizio web verr\u00e0 diffuso. Ogni comunicazione e diffusione avverr\u00e0 comunque nel rispetto delle finalit\u00e0 del trattamento sopra descritte.<\/p>\n<p>&nbsp;<\/p>\n<ol start=\"3\">\n<li><strong>Natura obbligatoria o facoltativa del conferimento dei dati<\/strong><\/li>\n<\/ol>\n<p>Nessun consenso \u00e8 richiesto agli utenti per navigare attraverso le pagine web non riservate, in quanto i dati privati necessari sono conferiti automaticamente in maniera implicita nel protocollo TCP\/IP utilizzato da internet. L&#8217;adesione ai servizi offerti dalla GR PAINTING srl attraverso il proprio sito web, \u00e8 facoltativa e volontaria, cos\u00ec come l&#8217;invio di posta elettronica agli indirizzi indicati su questo sito. Il mancato conferimento dei dati personali richiesti o il rifiuto del consenso al loro trattamento comporter\u00e0 l&#8217;impossibilit\u00e0 di ottenere la registrazione e, quindi, il servizio richiesto dall&#8217;utente. Maggiori informazioni riguardanti le caratteristiche dei servizi offerti attraverso il nostro sito, sono disponibili negli appositi form di registrazione<\/p>\n<p>&nbsp;<\/p>\n<ol start=\"4\">\n<li><strong>Durata e modalit\u00e0 del trattamento<\/strong><\/li>\n<\/ol>\n<p>In relazione alle finalit\u00e0 della presente informativa, i dati personali sono trattati con strumenti automatizzati e non, a opera di soggetti appositamente incaricati, per il tempo strettamente necessario a conseguire gli scopi per cui sono stati raccolti e in piena osservanza di ogni misura cautelativa, che ne garantisca la sicurezza e la riservatezza, nonch\u00e9 il pieno rispetto degli obblighi di Legge<\/p>\n<p>&nbsp;<\/p>\n<ol start=\"5\">\n<li><strong>Diritti dell&#8217;interessato<\/strong><\/li>\n<\/ol>\n<p>L&#8217;interessato ha diritto di ottenere la conferma dell&#8217;esistenza o meno di dati personali che lo riguardano, anche se non ancora registrati, e la loro comunicazione in forma intelligibile.<\/p>\n<p>L&#8217;interessato ha diritto di ottenere l&#8217;indicazione:<\/p>\n<ol>\n<li>dell&#8217;origine dei dati personali<\/li>\n<li>delle finalit\u00e0 e modalit\u00e0 del trattamento<\/li>\n<li>della logica applicata in caso di trattamento effettuato con l&#8217;ausilio di strumenti elettronici<\/li>\n<li>degli estremi identificativi del titolare, dei responsabili designati<\/li>\n<li>dei soggetti o delle categorie di soggetti ai quali i dati personali possono essere comunicati o che possono venirne a conoscenza in qualit\u00e0 di responsabili o incaricati.<\/li>\n<\/ol>\n<p>L&#8217;interessato ha diritto di ottenere:<\/p>\n<ol>\n<li>l&#8217;aggiornamento, la rettifica ovvero, quando vi ha interesse, l&#8217;integrazione dei dati<\/li>\n<li>la cancellazione, la trasformazione in forma anonima o il blocco dei dati trattati in violazione di legge, compresi quelli per cui non \u00e8 necessaria la conservazione in relazione agli scopi per i quali i dati sono stati raccolti o successivamente trattati<\/li>\n<li>l&#8217;attestazione che le operazioni di cui alle lettere a) e b) sono state portate a conoscenza, anche per quanto riguarda il loro contenuto, di coloro ai quali i dati sono stati comunicati o diffusi, eccettuato il caso in cui tale adempimento si rivela impossibile o comporta un impiego di mezzi manifestamente sproporzionato rispetto al diritto tutelato.<\/li>\n<\/ol>\n<p>L&#8217;interessato ha diritto di opporsi, in tutto o in parte:<\/p>\n<ol>\n<li>per motivi legittimi al trattamento dei dati personali che lo riguardano, ancorch\u00e9 pertinenti allo scopo della raccolta<\/li>\n<li>al trattamento di dati personali che lo riguardano a fini di invio di materiale pubblicitario o<\/li>\n<\/ol>\n<p>di vendita diretta o per il compimento di ricerche di mercato o di comunicazione commerciale.<\/p>\n<ol start=\"6\">\n<li><strong>Estremi identificativi del Titolare<\/strong><\/li>\n<\/ol>\n<p>Il titolare e responsabile del trattamento dei Vostri dati personali \u00e8 la G.R. PAINTING srl con sede in Strada Marbrasso, 4A\/4B, 10060 NONE (TO), dati di contatto tel. 011 9864581, fax 011 9903917, e-mail info@grpainting.it<\/p>\n<ol start=\"7\">\n<li><strong>Esercizio dei diritti<\/strong><\/li>\n<\/ol>\n<p>Per esercitare i diritti previsti dal Regolamento (UE) 2016\/679, riportati nel paragrafo 6, l&#8217;interessato dovr\u00e0 rivolgere la propria richiesta scritta all&#8217;attenzione del Responsabile o del Titolare del trattamento, mediante uno dei seguenti modi:<\/p>\n<p>Mediante lettera raccomandata al seguente indirizzo: G.R. PAINTING srl &#8211; Strada Marbrasso, 4A\/4B &#8211; 10060 NONE (TO)<\/p>\n<p>Mediante PEC al seguente indirizzo: <a href=\"mailto:info@pec.grpainting.it\">info@pec.grpainting.it<\/a><\/p>\n<p>&nbsp;<\/p>\n<p>Titolare del trattamento\u00a0\u00a0\u00a0\u00a0\u00a0\u00a0 G.R. PAINTING srl<\/p>\n<p>&nbsp;<\/p>\n<p>&nbsp;<\/p>\n<hr \/>\n<p><strong>Informativa estesa sull\u2019uso dei cookies<\/strong><\/p>\n<p>La presente informativa, o \u201cCookie policy\u201d, ha lo scopo specifico di illustrare i tipi, le modalit\u00e0 di utilizzo nonch\u00e9 di fornire indicazioni circa le azioni per rifiutare o eliminare i cookie presenti sul Sito web, se lo si desidera.<\/p>\n<p>I \u201ccookies\u201d (o \u201ccookie\u201d) sono sono stringhe di testo inviate da un web server al browser Internet, da quest\u2019ultimo memorizzati automaticamente sul computer dell\u2019utente e rinviati automaticamente al server a ogni occorrenza o successivo accesso al sito, al fine di immagazzinare informazioni sulla base delle attivit\u00e0 in rete dell\u2019utente. Per default quasi tutti i browser web sono impostati per accettare automaticamente i cookie. Spesso i cookie sono necessari per il normale funzionamento di un sito web. I cookie possono anche essere richiesti da soggetti terzi per abilitare determinate funzionalit\u00e0 nel Sito (ad esempio: YouTube, Facebook, AddThis, Twitter, Google Analytics, ecc.).<\/p>\n<p>Vediamoli in dettaglio i tipi di cookie utilizzati da questa applicazione.<\/p>\n<p><em>Cookie tecnici:<\/em> Questa tipologia di cookie permette il corretto funzionamento di alcune sezioni del Sito. Sono di due categorie, temporanei (o di sessione) e persistenti (vedi sopra). Questi cookie sono necessari a visualizzare correttamente il sito e in relazione ai servizi tecnici offerti. Verranno quindi sempre utilizzati e inviati, a meno che tu non modifichi le impostazioni nel tuo browser (con la possibilit\u00e0 per\u00f2 di non sfruttare al meglio o rendere inutilizzabili alcuni servizi offerti dal sito).<br \/>\n<!-- \n<em>Cookie di analisi di servizi di terze parti:<\/em> Questi cookie sono utilizzati al fine di raccogliere informazioni sull\u2019uso del sito da parte degli utenti in forma anonima, quali: pagine visitate, tempo di permanenza sul sito, origini del traffico di provenienza, provenienza geografica, et\u00e0, genere e interessi ai fini di campagne di marketing. Questi cookie sono inviati da domini di terze parti esterni al sito.\n--><br \/>\nQuesto Sito, secondo la normativa vigente, non \u00e8 tenuto a chiedere consenso per i cookie tecnici, in quanto necessari al normale funzionamento del Sito. <!-- Per quanto riguarda i cookies del servizio di statistiche offerto da Google Analytics (vedi sotto il paragrafo dedicato), essi possono essere considerati alla pari dei cookies tecnici, per due ragioni:\n- raccolgono dati in forma \u201caggregata\u201d, non riconducibili a singoli utenti identificati o identificabili;\n- l\u2019IP del dispositivo di collegamento dell\u2019utente (computer, smartphone o tablet) viene \u201canonimizzato\u201d (modificato) diventando irriconoscibile.\n\n<strong>Informazioni sui cookies di Google Analytics<\/strong>\n\nGoogle Analytics utilizza cookie (sia temporanei che permanenti) di tracciamento (che hanno varie scadenze, come meglio descritto in questa pagina) al fine di riconoscere un utente che in passato ha gi\u00e0 visitato le pagine del nostro Sito. I dati rilevati da tale cookie sull\u2019uso delle pagine del nostro Sito sono in genere trasmessi a un server di Google negli Stati Uniti (o in altri Paesi) dove vengono memorizzate.\n\nI dati raccolti dal sistema Google Analytics riguardano, per esempio, informazioni inerenti il tempo di permanenza sul Sito, l\u2019approssimativa provenienza geografica, le pagine di ingresso e uscita, la provenienza del traffico dei visitatori, ecc. Google user\u00e0 questi dati per valutare l\u2019uso, stilare report sulle attivit\u00e0 del nostro Sito e fornirci ulteriori servizi legati all\u2019uso del Sito e di Internet.\n\nI dati raccolti tramite questi cookies verranno utilizzati in forma aggregata. \u201cIn forma aggregata\u201d significa che il cookie ed i sistemi di tracciamento non sono mai associati alla persona ma alla navigazione, quindi nessuno potr\u00e0 associare il tuo nome alle pagine od ai siti web che visiti.\n\nInoltre, un dato importante quale il tuo indirizzo IP, viene \u201canonimizzato\u201d per tua ulteriore tranquillit\u00e0, come spiegato nella seguente pagina del sito google.com: <a href=\"https:\/\/support.google.com\/analytics\/answer\/2763052?hl=it\">https:\/\/support.google.com\/analytics\/answer\/2763052?hl=it<\/a>.\n\nGoogle aderisce ai principi in materia di dati personali dell\u2019accordo \u201cUS Safe Harbor\u201d ed \u00e8 registrato a \u201cSafe Harbor\u201d, programma del Ministero del Commercio degli Stati Uniti.\n\nCon l\u2019utilizzo del nostro Sito manifesti il tuo consenso all\u2019elaborazione dei dati rilevati mediante Google Analytics e alle modalit\u00e0 dell\u2019elaborazione dei dati cos\u00ec come alla finalit\u00e0 sopra descritta.\n\nIn qualsiasi momento puoi rifiutare e\/o bloccare i cookie grazie alle impostazioni del tuo browser, anche se ci\u00f2 potrebbe comportare l\u2019impossibilit\u00e0 di utilizzare alcune funzioni del Sito (vedi come fare nel paragrafo seguente).\n\nUn altro modo che hai per evitare il rilevamento dei dati generati dai cookie riguardo al tuo impiego del nostro Sito (compreso il tuo indirizzo IP) \u00e8 scaricare e installare il \u201cComponente aggiuntivo del browser per la disattivazione di Google Analytics\u201d, una estensione per il tuo browser, che puoi trovare a questo link: <a href=\"http:\/\/tools.google.com\/dlpage\/gaoptout?hl=it\">http:\/\/tools.google.com\/dlpage\/gaoptout?hl=it<\/a>.\n\nNella seguenti pagine trovi i principi di riservatezza, sicurezza, salvaguardia e protezione dati e privacy di Google Analytics:\n<a href=\"https:\/\/www.google.com\/analytics\/learn\/privacy.html?hl=it\">https:\/\/www.google.com\/analytics\/learn\/privacy.html?hl=it<\/a>\n<a href=\"https:\/\/support.google.com\/analytics\/answer\/6004245?hl=it\">https:\/\/support.google.com\/analytics\/answer\/6004245?hl=it<\/a>\n\nNella seguente pagina trovi i Termini di servizio di Google Analytics:\n<a href=\"http:\/\/www.google.com\/analytics\/terms\/it.html\">http:\/\/www.google.com\/analytics\/terms\/it.html<\/a>\n\n<strong>Come disabilitare i cookies mediante le impostazioni del browser\n<\/strong>\n--><br \/>\nLa maggior parte dei browser accetta automaticamente i cookies, ma l\u2019utente normalmente pu\u00f2 modificare le impostazioni allo scopo di disabilitare tale funzione. \u00c8 possibile bloccare tutte le tipologie di cookies, oppure accettare di riceverne soltanto alcuni e disabilitarne altri. La sezione \u201cOpzioni\u201d o \u201cPreferenze\u201d nel menu del browser permette di evitare di ricevere cookies e altre tecnologie di tracciamento utente, e di ottenere notifica dal browser dell\u2019attivazione di queste tecnologie. In alternativa \u00e8 anche possibile consultare la sezione \u201cAiuto\u201d presente nella maggior parte dei browser.<\/p>\n<p>Per maggiori informazioni sui cookie e per gestire le preferenze sui cookie (di prima e\/o terza parte) si invitano gli utenti a visitare anche la piattaforma <a href=\"http:\/\/www.youronlinechoices.com\" target=\"_blank\" rel=\"noopener noreferrer\">www.youronlinechoices.com<\/a>.<\/p>\n<p><strong>Altre informazioni<\/strong><\/p>\n<p>Il nostro Sito potrebbe contenere collegamenti ad altri siti web che dispongono di una propria informativa sui cookies che pu\u00f2 essere diversa da quella adottata dal nostro Sito. Noi non rispondiamo di ci\u00f2, e ti invitiamo a documentarti all\u2019interno di tali siti.<\/p>\n<p>Questa pagina \u00e8 visibile mediante link in calce in tutte le pagine del Sito, ai sensi dell\u2019art. 122 secondo comma del D.lgs. 196\/2003, e a seguito delle modalit\u00e0 semplificate per l\u2019informativa e l\u2019acquisizione del consenso per l\u2019uso dei cookie, pubblicata sulla Gazzetta Ufficiale n.126 del 3 giugno 2014 e relativo registro dei provvedimenti n.229 dell\u20198 maggio 2014.<br \/>\nModifiche alla presente pagina<\/p>\n<p>Il Titolare del Sito si riserva il diritto di modificare i contenuti della presente pagina in qualsiasi momento e senza alcun preavviso. L\u2019utente accetta di essere vincolato a tali eventuali e future revisioni e si impegna, pertanto, a visitare periodicamente il Sito per essere informato su eventuali variazioni.<\/p>\n<hr \/>\n<p><strong>Riferimenti legali<\/strong> Avviso agli Utenti europei: la presente informativa privacy \u00e8 redatta in adempimento degli obblighi previsti dall\u2019Art. 10 della Direttiva n. 95\/46\/CE, nonch\u00e9 a quanto previsto dalla Direttiva 2002\/58\/CE, come aggiornata dalla Direttiva 2009\/136\/CE, in materia di Cookie.<\/p>\n<p>1\/05\/2015 \u2013 Gr Painting S.r.l<\/p>","protected":false},"excerpt":{"rendered":"<p>Regolamento (UE) 2016\/679 GDPR Informativa resa per i dati personali raccolti attraverso la navigazione sul sito web Il GDPR impone l&#8217;obbligo di informare l&#8217;interessato sugli elementi fondamentali del trattamento. Poich\u00e9 la GR PAINTING srl adempie compiutamente all&#8217;osservanza di quanto previsto, intende con la presente fornirVi le dovute informazioni in ordine a: natura dei dati in nostro possesso, finalit\u00e0 e modalit\u00e0 del trattamento dei dati personali, nonch\u00e9 all&#8217;ambito di eventuale comunicazione e\/o diffusione degli stessi. Secondo la legge indicata, la GR [&hellip;]<\/p>\n","protected":false},"author":2,"featured_media":0,"parent":0,"menu_order":0,"comment_status":"closed","ping_status":"open","template":"","meta":[],"aioseo_notices":[],"_links":{"self":[{"href":"https:\/\/grpainting.it\/it\/wp-json\/wp\/v2\/pages\/6839"}],"collection":[{"href":"https:\/\/grpainting.it\/it\/wp-json\/wp\/v2\/pages"}],"about":[{"href":"https:\/\/grpainting.it\/it\/wp-json\/wp\/v2\/types\/page"}],"author":[{"embeddable":true,"href":"https:\/\/grpainting.it\/it\/wp-json\/wp\/v2\/users\/2"}],"replies":[{"embeddable":true,"href":"https:\/\/grpainting.it\/it\/wp-json\/wp\/v2\/comments?post=6839"}],"version-history":[{"count":35,"href":"https:\/\/grpainting.it\/it\/wp-json\/wp\/v2\/pages\/6839\/revisions"}],"predecessor-version":[{"id":7324,"href":"https:\/\/grpainting.it\/it\/wp-json\/wp\/v2\/pages\/6839\/revisions\/7324"}],"wp:attachment":[{"href":"https:\/\/grpainting.it\/it\/wp-json\/wp\/v2\/media?parent=6839"}],"curies":[{"name":"wp","href":"https:\/\/api.w.org\/{rel}","templated":true}]}}