{"id":5992,"date":"2015-03-24T19:20:31","date_gmt":"2015-03-24T19:20:31","guid":{"rendered":"http:\/\/grpainting.it\/?page_id=5992"},"modified":"2022-09-21T11:23:08","modified_gmt":"2022-09-21T11:23:08","slug":"verniciatura-prototipi-modelli","status":"publish","type":"page","link":"https:\/\/grpainting.it\/it\/chi-siamo\/verniciatura-prototipi-modelli\/","title":{"rendered":"Presentazione"},"content":{"rendered":"<p><\/p>\n<div class=\"slide-container-hor\">\n\t<div class=\"spaced-wrap clearfix\">\n\t\t<div class=\"flexslider-loader\"><\/div>\n\t\t<div class=\"flexslider-container-page flexislider-container-ID69e1081ac1c2 \">\n\t\t\t<div id=\"flexID69e1081ac1c2\" class=\"flexslider\">\n\t\t\t<ul class=\"slides\"><li><img src=\"https:\/\/grpainting.it\/wp-content\/uploads\/2015\/03\/gr-painting-stabilimento-verniciature-speciali-none.jpg\" alt=\"Gr Painting. Lo stabilimento di None (Torino)\" class=\"displayed-image\"\/><\/li><li><img src=\"https:\/\/grpainting.it\/wp-content\/uploads\/2015\/03\/tintometro-gr-painting-2.jpg\" alt=\"Areadi preparazione prototipi\" class=\"displayed-image\"\/><\/li><li><img src=\"https:\/\/grpainting.it\/wp-content\/uploads\/2015\/03\/seppiatura-carrozzerie.jpg\" alt=\"Modello in verniciatura\" class=\"displayed-image\"\/><\/li><li><img src=\"https:\/\/grpainting.it\/wp-content\/uploads\/2015\/03\/verniciatura-carrozzeria-prototipo-porsche.jpg\" alt=\"Prototipo in vernciatura\" class=\"displayed-image\"\/><\/li><\/ul><\/div><\/div><\/div>\n<script type=\"text\/javascript\">\n\tjQuery(window).load(function() {\n\t\tjQuery(\"#flexID69e1081ac1c2\").flexslider({\n\t\t\tanimation: \"fade\",\n\t\t\tslideshow: true,\n\t\t\tpauseOnAction: true,\n\t\t\tpauseOnHover: true,\n\t\t\tsmoothHeight: true,\n\t\t\tcontrolsContainer: \"flexslider-container-ID69e1081ac1c2\",\n\t\t\tstart: function(){\n\t\t\t\tjQuery(\".flexslider-loader\").slideUp(\"fast\");\n\t\t\t}\n\t\t});\n\t});\n<\/script>\n<\/div>\n<h4><strong><span style=\"color: #454545;\">Gr Painting: una realt\u00e0 a livello internazionale nella verniciatura di alta qualit\u00e0 di prototipi e modelli<br \/>\n<\/span><\/strong><\/h4>\n<p>GR Painting S.r.l. \u00e8 una modernissima realt\u00e0 con sede a None, in provincia di Torino, ormai solido punto di riferimento a livello internazionale nel campo della<strong> verniciatura di altissima qualit\u00e0 di prototipi e modelli<\/strong> in settori molteplici e diversi: dall&#8217;automobilistico, al nautico all&#8217;aeronautico, all&#8217;oggettistica seriabile per giungere all&#8217;arredo ed all&#8217;architettura. Dai prototipi alla produzione di piccole serie.<\/p>\n<h5><strong><span style=\"color: #454545;\">La verniciatura: l&#8217;elemento<span style=\"color: #454545;\"> pi\u00f9 t<\/span>angibile del vostro prodotto<\/span><\/strong><\/h5>\n<p>La verniciatura rappresenta la fase finale nella realizzazione delle idee innovative dei nostri Clienti ed anche l&#8217;elemento pi\u00f9 tangibile, in quanto in contatto diretto con l&#8217;osservatore. Per questo lo staff di Gr Painting, che consta di ben 20 professionisti attentamente selezionati \u00e8 altamente specializzato anche nel controllo e nella rettifica delle superfici e dei teorici, a precedere la fase intrinseca alla verniciatura del prodotto. La pluriennale collaborazione con i principali stilisti e designer torinesi ed internazionali e con svariati costruttori automobilistici, che ciclicamente ci rinnovano la fiducia, affidandoci i loro modelli e prototipi (statici e dinamici) \u00e8 per noi grande motivo di orgoglio.., per voi una garanzia della professionalit\u00e0 e dell&#8217;alto livello qualitativo raggiunto.<\/p>\n<div class=\"toggle-shortcode-wrap clearfix\"><h3 class=\"toggle-shortcode \">L'ideatore: Roberto Gatto...<\/h3><div class=\"toggle-container toggle-display-closed\"> La\u00a0storia\u00a0di <em>GR Painting S.r.l.<\/em> nata come <em>GR Painting prototypes and models di Roberto Gatto<\/em> \u00e8 strettamente legata al curriculum professionale del suo ideatore, da sempre impegnato in collaborazioni e consulenze con le principali modellerie e strutture di verniciatura del torinese.<\/p>\n<p><a href=\"https:\/\/grpainting.it\/wp-content\/uploads\/2015\/03\/roberto-gatto-2.jpg\"><img loading=\"lazy\" class=\"wp-image-6166 size-medium alignleft\" src=\"https:\/\/grpainting.it\/wp-content\/uploads\/2015\/03\/roberto-gatto-2-300x123.jpg\" alt=\"Roberto Gatto, esperto di verniciatura di alta qualit\u00e0\" width=\"300\" height=\"123\" srcset=\"https:\/\/grpainting.it\/wp-content\/uploads\/2015\/03\/roberto-gatto-2-300x123.jpg 300w, https:\/\/grpainting.it\/wp-content\/uploads\/2015\/03\/roberto-gatto-2-1024x420.jpg 1024w, https:\/\/grpainting.it\/wp-content\/uploads\/2015\/03\/roberto-gatto-2-1200x493.jpg 1200w, https:\/\/grpainting.it\/wp-content\/uploads\/2015\/03\/roberto-gatto-2-924x379.jpg 924w, https:\/\/grpainting.it\/wp-content\/uploads\/2015\/03\/roberto-gatto-2-700x287.jpg 700w, https:\/\/grpainting.it\/wp-content\/uploads\/2015\/03\/roberto-gatto-2-50x21.jpg 50w\" sizes=\"(max-width: 300px) 100vw, 300px\" \/><\/a><\/p>\n<h5><span style=\"color: #454545;\"><strong>Un grande esperto di verniciatura e morfologia delle superfici di prototipi e modelli<br \/>\n<\/strong><\/span><\/h5>\n<p>Proprio la formazione poliedrica costruita in anni di passione e lavoro presso aziende\u00a0cos\u00ec diverse, dalle modellerie, principalmente orientate verso la cura\u00a0dei volumi ed alla profilatura dei diedri,\u00a0alle aziende di verniciatura professionale,\u00a0ha permesso a Roberto Gatto di divenire nel tempo un grande esperto di verniciatura e morfologia delle superfici di prototipi e modelli e di permeare con lo stesso slancio e la stessa professionalit\u00e0 acquisita tutto lo staff di GR Painting, in grado da sempre di\u00a0fornire una consulenza altamente specialistica ed un servizio globale e non limitato alla verniciatura, ai sui committenti di fama mondiale. <\/div><\/div><\/p>","protected":false},"excerpt":{"rendered":"<p>Gr Painting: una realt\u00e0 a livello internazionale nella verniciatura di alta qualit\u00e0 di prototipi e modelli GR Painting S.r.l. \u00e8 una modernissima realt\u00e0 con sede a None, in provincia di Torino, ormai solido punto di riferimento a livello internazionale nel campo della verniciatura di altissima qualit\u00e0 di prototipi e modelli in settori molteplici e diversi: dall&#8217;automobilistico, al nautico all&#8217;aeronautico, all&#8217;oggettistica seriabile per giungere all&#8217;arredo ed all&#8217;architettura. Dai prototipi alla produzione di piccole serie. La verniciatura: l&#8217;elemento pi\u00f9 tangibile del vostro [&hellip;]<\/p>\n","protected":false},"author":1,"featured_media":0,"parent":6054,"menu_order":1,"comment_status":"closed","ping_status":"closed","template":"","meta":[],"aioseo_notices":[],"_links":{"self":[{"href":"https:\/\/grpainting.it\/it\/wp-json\/wp\/v2\/pages\/5992"}],"collection":[{"href":"https:\/\/grpainting.it\/it\/wp-json\/wp\/v2\/pages"}],"about":[{"href":"https:\/\/grpainting.it\/it\/wp-json\/wp\/v2\/types\/page"}],"author":[{"embeddable":true,"href":"https:\/\/grpainting.it\/it\/wp-json\/wp\/v2\/users\/1"}],"replies":[{"embeddable":true,"href":"https:\/\/grpainting.it\/it\/wp-json\/wp\/v2\/comments?post=5992"}],"version-history":[{"count":112,"href":"https:\/\/grpainting.it\/it\/wp-json\/wp\/v2\/pages\/5992\/revisions"}],"predecessor-version":[{"id":7325,"href":"https:\/\/grpainting.it\/it\/wp-json\/wp\/v2\/pages\/5992\/revisions\/7325"}],"up":[{"embeddable":true,"href":"https:\/\/grpainting.it\/it\/wp-json\/wp\/v2\/pages\/6054"}],"wp:attachment":[{"href":"https:\/\/grpainting.it\/it\/wp-json\/wp\/v2\/media?parent=5992"}],"curies":[{"name":"wp","href":"https:\/\/api.w.org\/{rel}","templated":true}]}}