{"id":7100,"date":"2017-05-17T21:24:39","date_gmt":"2017-05-17T21:24:39","guid":{"rendered":"http:\/\/grpainting.it\/?page_id=7100"},"modified":"2022-09-21T10:27:34","modified_gmt":"2022-09-21T10:27:34","slug":"restauro-auto-storiche","status":"publish","type":"page","link":"https:\/\/grpainting.it\/fr\/restauro-auto-storiche\/","title":{"rendered":"Verniciatura auto storiche"},"content":{"rendered":"<p class=\"qtranxs-available-languages-message qtranxs-available-languages-message-fr\">D\u00e9sol\u00e9, cet article est seulement disponible en <a href=\"https:\/\/grpainting.it\/it\/wp-json\/wp\/v2\/pages\/7100\" class=\"qtranxs-available-language-link qtranxs-available-language-link-it\" title=\"Italiano\">Italien<\/a> et <a href=\"https:\/\/grpainting.it\/en\/wp-json\/wp\/v2\/pages\/7100\" class=\"qtranxs-available-language-link qtranxs-available-language-link-en\" title=\"English\">Anglais Am\u00e9ricain<\/a>. Pour le confort de l\u2019utilisateur, le contenu est affich\u00e9 ci-dessous dans la langue par d\u00e9faut du site. Vous pouvez cliquer l\u2019un des liens pour changer la langue du site en une autre langue disponible.<\/p><p><\/p>\n<div class=\"slide-container-hor\">\n\t<div class=\"spaced-wrap clearfix\">\n\t\t<div class=\"flexslider-loader\"><\/div>\n\t\t<div class=\"flexslider-container-page flexislider-container-ID69d39ebc819a \">\n\t\t\t<div id=\"flexID69d39ebc819a\" class=\"flexslider\">\n\t\t\t<ul class=\"slides\"><li><img src=\"https:\/\/grpainting.it\/wp-content\/uploads\/2017\/05\/jaguar-e-type-verniciatura.jpg\" alt=\"\" class=\"displayed-image\"\/><\/li><li><img src=\"https:\/\/grpainting.it\/wp-content\/uploads\/2017\/05\/painting-jaguar-e-type-2.jpg\" alt=\"\" class=\"displayed-image\"\/><\/li><li><img src=\"https:\/\/grpainting.it\/wp-content\/uploads\/2017\/05\/lancia-aurelia-restaurata-riverniciatura.jpg\" alt=\"\" class=\"displayed-image\"\/><\/li><li><img src=\"https:\/\/grpainting.it\/wp-content\/uploads\/2017\/05\/officina-restauro-auto-epoca-lancia.jpg\" alt=\"\" class=\"displayed-image\"\/><\/li><li><img src=\"https:\/\/grpainting.it\/wp-content\/uploads\/2017\/05\/porsche-356-speedster.jpg\" alt=\"\" class=\"displayed-image\"\/><\/li><li><img src=\"https:\/\/grpainting.it\/wp-content\/uploads\/2017\/05\/verniciatura-porsche356.jpg\" alt=\"\" class=\"displayed-image\"\/><\/li><li><img src=\"https:\/\/grpainting.it\/wp-content\/uploads\/2017\/05\/lamborghini-miura-restauro-verniciatura.jpg\" alt=\"\" class=\"displayed-image\"\/><\/li><li><img src=\"https:\/\/grpainting.it\/wp-content\/uploads\/2017\/05\/maggiolino-restauro.jpg\" alt=\"\" class=\"displayed-image\"\/><\/li><li><img src=\"https:\/\/grpainting.it\/wp-content\/uploads\/2017\/05\/Maggiolino-verniciatura.jpg\" alt=\"\" class=\"displayed-image\"\/><\/li><\/ul><\/div><\/div><\/div>\n<script type=\"text\/javascript\">\n\tjQuery(window).load(function() {\n\t\tjQuery(\"#flexID69d39ebc819a\").flexslider({\n\t\t\tanimation: \"fade\",\n\t\t\tslideshow: true,\n\t\t\tpauseOnAction: true,\n\t\t\tpauseOnHover: true,\n\t\t\tsmoothHeight: true,\n\t\t\tcontrolsContainer: \"flexslider-container-ID69d39ebc819a\",\n\t\t\tstart: function(){\n\t\t\t\tjQuery(\".flexslider-loader\").slideUp(\"fast\");\n\t\t\t}\n\t\t});\n\t});\n<\/script>\n<\/div>\n<h4><strong><span style=\"color: #454545;\">La conservazione dell&rsquo;originalit\u00e0&#8230;<br \/>\n<\/span><\/strong><\/h4>\n<p>Gr Painting si occupa specialisticamente anche di <strong>verniciatura d&rsquo;auto d&rsquo;epoca, <\/strong>nella sua sede di None (Torino). Per una realt\u00e0 abituata ad affrontare le problematiche complesse della finitura, montaggio e verniciatura di prototipi e modelli di stile per le principali firme del design internazionale, i risultati non potevano che essere eccellenti. E&rsquo; stato sufficiente traslare le modalit\u00e0 di ricerca di perfezione e impeccabilit\u00e0 che sono giornalmente gli standard comuni applicati per i costruttori automobilistici mondiali&#8230;<\/p>\n<p>L&rsquo;approccio di Gr Painting alla <strong>verniciatura di auto storiche,<\/strong> \u00e8 di tipo prettamente <strong>conservativo<\/strong>, con la finalit\u00e0 di riproduzione fedele della composizione d&rsquo;origine delle vernici e delle tinte. In tal modo l&rsquo;<strong>autenticit\u00e0 del modello ristrutturato<\/strong> \u00e8 attestato dalla corretta e rigida metodologia adottata ed il risultato finale ottempera all&rsquo;imperativo della conservazione dell&rsquo;originalit\u00e0 costruttiva del veicolo, pronto a riportare il suo possessore a ritroso nel tempo&#8230;<\/p>\n<p>Gli interventi di verniciatura effettuabili non si limitano alle auto storiche, ma sono orientate a <strong>qualsiasi veicolo d&rsquo;epoca, motociclette comprese<\/strong>. Gr Painting S.r.l. affianca cos\u00ec alla conosciuta dedizione verso le moderne dream-car da salone, l&rsquo;attenzione per il patrimonio della tradizione automobilistica mondiale, ri-valorizzando i veicoli che hanno fatto sognare le generazioni precedenti, perch\u00e9 continuino ad emozionare anche quelle a venire&#8230;<\/p>\n<blockquote><p>Nella sezione <a href=\"http:\/\/grpainting.it\/it\/gallery\/\">Gallery<\/a>, alla voce \u00ab\u00a0Auto Storiche\u00a0\u00bb sono visibili fotografie di nostri interventi di verniciatura su automobili d&rsquo;epoca.<\/p><\/blockquote>\n<div class=\"clearfix divider-common divider-line\" style=\"margin-top:10px;margin-bottom:10px;\"><\/div><\/p>","protected":false},"excerpt":{"rendered":"<p>D\u00e9sol\u00e9, cet article est seulement disponible en Italien et Anglais Am\u00e9ricain. Pour le confort de l\u2019utilisateur, le contenu est affich\u00e9 ci-dessous dans la langue par d\u00e9faut du site. Vous pouvez cliquer l\u2019un des liens pour changer la langue du site en une autre langue disponible. La conservazione dell&rsquo;originalit\u00e0&#8230; Gr Painting si occupa specialisticamente anche di verniciatura d&rsquo;auto d&rsquo;epoca, nella sua sede di None (Torino). Per una realt\u00e0 abituata ad affrontare le problematiche complesse della finitura, montaggio e verniciatura di prototipi [&hellip;]<\/p>\n","protected":false},"author":2,"featured_media":0,"parent":0,"menu_order":0,"comment_status":"closed","ping_status":"closed","template":"","meta":[],"aioseo_notices":[],"_links":{"self":[{"href":"https:\/\/grpainting.it\/fr\/wp-json\/wp\/v2\/pages\/7100"}],"collection":[{"href":"https:\/\/grpainting.it\/fr\/wp-json\/wp\/v2\/pages"}],"about":[{"href":"https:\/\/grpainting.it\/fr\/wp-json\/wp\/v2\/types\/page"}],"author":[{"embeddable":true,"href":"https:\/\/grpainting.it\/fr\/wp-json\/wp\/v2\/users\/2"}],"replies":[{"embeddable":true,"href":"https:\/\/grpainting.it\/fr\/wp-json\/wp\/v2\/comments?post=7100"}],"version-history":[{"count":19,"href":"https:\/\/grpainting.it\/fr\/wp-json\/wp\/v2\/pages\/7100\/revisions"}],"predecessor-version":[{"id":7249,"href":"https:\/\/grpainting.it\/fr\/wp-json\/wp\/v2\/pages\/7100\/revisions\/7249"}],"wp:attachment":[{"href":"https:\/\/grpainting.it\/fr\/wp-json\/wp\/v2\/media?parent=7100"}],"curies":[{"name":"wp","href":"https:\/\/api.w.org\/{rel}","templated":true}]}}