{"id":6006,"date":"2015-03-24T20:52:56","date_gmt":"2015-03-24T20:52:56","guid":{"rendered":"http:\/\/grpainting.it\/?page_id=6006"},"modified":"2022-09-21T10:27:34","modified_gmt":"2022-09-21T10:27:34","slug":"contatti","status":"publish","type":"page","link":"https:\/\/grpainting.it\/fr\/contatti\/","title":{"rendered":"Contatti"},"content":{"rendered":"<p>\n    <div class=\"googlemaps\" id=\"map\"><\/div>\n\t\n    \n\t<style type=\"text\/css\">\n\t\t.googlemaps { width: 1000px;}\n\t\t.googlemaps { height: 400px;}\n\t\t.googlemaps {max-width:100%;font-weight: bold; color: #000;}\n        .googlemaps img {max-width: 100000%; \/* override *\/}\n    <\/style>\n    <script type=\"text\/javascript\">\n\tjQuery(document).ready(function(){\n\t\tvar latlng = new google.maps.LatLng(44.945508, 7.543717);\n\t\tvar myOptions = {\n\t\t\tzoom: 12,\n\t\t\tcenter: latlng,\n\t\t\tscrollwheel: true,\n\t\t\tscaleControl: false,\n\t\t\tdisableDefaultUI: true,\n\t\t\tmapTypeId: google.maps.MapTypeId.ROADMAP\n\t\t};\n\t\tvar map = new google.maps.Map(document.getElementById(\"map\"),\n\t\tmyOptions);\n\t\t\n\t\t    var geocoder_map = new google.maps.Geocoder();\n\t\t\tvar address = 'strada Marbrasso 4A\/4B, None (TO)';\n\t\t\tgeocoder_map.geocode( { 'address': address}, function(results, status) {\n\t\t\t\tif (status == google.maps.GeocoderStatus.OK) {\n\t\t\t\t\tmap.setCenter(results[0].geometry.location);\n\t\t\t\t\t\n\t\t\t\t\t\tvar marker = new google.maps.Marker({\n\t\t\t\t\t\t\tmap: map,\n\t\t\t\t\t\t\t\n\t\t\t\t\t\t\tposition: map.getCenter()\n\t\t\t\t\t\t});\njQuery(window).bind(\"resize\", function () { \n\tmap.panTo(marker.getPosition());\n});\n\t\t\t\t\t\t\tvar contentString = 'GR Painting s.r.l.';\n\t\t\t\t\t\t\tvar infowindow = new google.maps.InfoWindow({\n\t\t\t\t\t\t\t\tcontent: contentString\n\t\t\t\t\t\t\t});\n\t\t\t\t\t\t\t\t\t\t\n\t\t\t\t\t\t\tgoogle.maps.event.addListener(marker, 'click', function() {\n\t\t\t\t\t\t\t  infowindow.open(map,marker);\n\t\t\t\t\t\t\t});\n\t\t\t\t\t\t\t\n\t\t\t\t\t\t\t\t\tinfowindow.open(map,marker);\n\t\t\t\t\t\t\t\t\n\t\t\t\t} else {\n\t\t\t\talert(\"Geocode was not successful for the following reason: \" + status);\n\t\t\t}\n\t\t\t});\n\t\t\t});<\/script><\/p>","protected":false},"excerpt":{"rendered":"<p>D\u00e9sol\u00e9, cet article est seulement disponible en Italien, Anglais Am\u00e9ricain et Allemand. Pour le confort de l\u2019utilisateur, le contenu est affich\u00e9 ci-dessous dans la langue par d\u00e9faut du site. Vous pouvez cliquer l\u2019un des liens pour changer la langue du site en une autre langue disponible.<\/p>\n","protected":false},"author":1,"featured_media":0,"parent":0,"menu_order":0,"comment_status":"closed","ping_status":"open","template":"template-grcontact.php","meta":[],"aioseo_notices":[],"_links":{"self":[{"href":"https:\/\/grpainting.it\/fr\/wp-json\/wp\/v2\/pages\/6006"}],"collection":[{"href":"https:\/\/grpainting.it\/fr\/wp-json\/wp\/v2\/pages"}],"about":[{"href":"https:\/\/grpainting.it\/fr\/wp-json\/wp\/v2\/types\/page"}],"author":[{"embeddable":true,"href":"https:\/\/grpainting.it\/fr\/wp-json\/wp\/v2\/users\/1"}],"replies":[{"embeddable":true,"href":"https:\/\/grpainting.it\/fr\/wp-json\/wp\/v2\/comments?post=6006"}],"version-history":[{"count":11,"href":"https:\/\/grpainting.it\/fr\/wp-json\/wp\/v2\/pages\/6006\/revisions"}],"predecessor-version":[{"id":7305,"href":"https:\/\/grpainting.it\/fr\/wp-json\/wp\/v2\/pages\/6006\/revisions\/7305"}],"wp:attachment":[{"href":"https:\/\/grpainting.it\/fr\/wp-json\/wp\/v2\/media?parent=6006"}],"curies":[{"name":"wp","href":"https:\/\/api.w.org\/{rel}","templated":true}]}}