{"id":7100,"date":"2017-05-17T21:24:39","date_gmt":"2017-05-17T21:24:39","guid":{"rendered":"http:\/\/grpainting.it\/?page_id=7100"},"modified":"2022-09-21T10:27:34","modified_gmt":"2022-09-21T10:27:34","slug":"restauro-auto-storiche","status":"publish","type":"page","link":"https:\/\/grpainting.it\/de\/restauro-auto-storiche\/","title":{"rendered":"Verniciatura auto storiche"},"content":{"rendered":"<p class=\"qtranxs-available-languages-message qtranxs-available-languages-message-de\">Leider ist der Eintrag nur auf <a href=\"https:\/\/grpainting.it\/it\/wp-json\/wp\/v2\/pages\/7100\" class=\"qtranxs-available-language-link qtranxs-available-language-link-it\" title=\"Italiano\">Italienisch<\/a> und <a href=\"https:\/\/grpainting.it\/en\/wp-json\/wp\/v2\/pages\/7100\" class=\"qtranxs-available-language-link qtranxs-available-language-link-en\" title=\"English\">Amerikanisches Englisch<\/a> verf\u00fcgbar. Der Inhalt wird in der Standard-Sprache dieser Website angezeigt. Sie k\u00f6nnen einen Link anklicken, um zu einer anderen verf\u00fcgbaren Sprache zu wechseln.<\/p><p><\/p>\n<div class=\"slide-container-hor\">\n\t<div class=\"spaced-wrap clearfix\">\n\t\t<div class=\"flexslider-loader\"><\/div>\n\t\t<div class=\"flexslider-container-page flexislider-container-ID69e5baf3fb36 \">\n\t\t\t<div id=\"flexID69e5baf3fb36\" class=\"flexslider\">\n\t\t\t<ul class=\"slides\"><li><img src=\"https:\/\/grpainting.it\/wp-content\/uploads\/2017\/05\/jaguar-e-type-verniciatura.jpg\" alt=\"\" class=\"displayed-image\"\/><\/li><li><img src=\"https:\/\/grpainting.it\/wp-content\/uploads\/2017\/05\/painting-jaguar-e-type-2.jpg\" alt=\"\" class=\"displayed-image\"\/><\/li><li><img src=\"https:\/\/grpainting.it\/wp-content\/uploads\/2017\/05\/lancia-aurelia-restaurata-riverniciatura.jpg\" alt=\"\" class=\"displayed-image\"\/><\/li><li><img src=\"https:\/\/grpainting.it\/wp-content\/uploads\/2017\/05\/officina-restauro-auto-epoca-lancia.jpg\" alt=\"\" class=\"displayed-image\"\/><\/li><li><img src=\"https:\/\/grpainting.it\/wp-content\/uploads\/2017\/05\/porsche-356-speedster.jpg\" alt=\"\" class=\"displayed-image\"\/><\/li><li><img src=\"https:\/\/grpainting.it\/wp-content\/uploads\/2017\/05\/verniciatura-porsche356.jpg\" alt=\"\" class=\"displayed-image\"\/><\/li><li><img src=\"https:\/\/grpainting.it\/wp-content\/uploads\/2017\/05\/lamborghini-miura-restauro-verniciatura.jpg\" alt=\"\" class=\"displayed-image\"\/><\/li><li><img src=\"https:\/\/grpainting.it\/wp-content\/uploads\/2017\/05\/maggiolino-restauro.jpg\" alt=\"\" class=\"displayed-image\"\/><\/li><li><img src=\"https:\/\/grpainting.it\/wp-content\/uploads\/2017\/05\/Maggiolino-verniciatura.jpg\" alt=\"\" class=\"displayed-image\"\/><\/li><\/ul><\/div><\/div><\/div>\n<script type=\"text\/javascript\">\n\tjQuery(window).load(function() {\n\t\tjQuery(\"#flexID69e5baf3fb36\").flexslider({\n\t\t\tanimation: \"fade\",\n\t\t\tslideshow: true,\n\t\t\tpauseOnAction: true,\n\t\t\tpauseOnHover: true,\n\t\t\tsmoothHeight: true,\n\t\t\tcontrolsContainer: \"flexslider-container-ID69e5baf3fb36\",\n\t\t\tstart: function(){\n\t\t\t\tjQuery(\".flexslider-loader\").slideUp(\"fast\");\n\t\t\t}\n\t\t});\n\t});\n<\/script>\n<\/div>\n<h4><strong><span style=\"color: #454545;\">La conservazione dell&#8217;originalit\u00e0&#8230;<br \/>\n<\/span><\/strong><\/h4>\n<p>Gr Painting si occupa specialisticamente anche di <strong>verniciatura d&#8217;auto d&#8217;epoca, <\/strong>nella sua sede di None (Torino). Per una realt\u00e0 abituata ad affrontare le problematiche complesse della finitura, montaggio e verniciatura di prototipi e modelli di stile per le principali firme del design internazionale, i risultati non potevano che essere eccellenti. E&#8216; stato sufficiente traslare le modalit\u00e0 di ricerca di perfezione e impeccabilit\u00e0 che sono giornalmente gli standard comuni applicati per i costruttori automobilistici mondiali&#8230;<\/p>\n<p>L&#8217;approccio di Gr Painting alla <strong>verniciatura di auto storiche,<\/strong> \u00e8 di tipo prettamente <strong>conservativo<\/strong>, con la finalit\u00e0 di riproduzione fedele della composizione d&#8217;origine delle vernici e delle tinte. In tal modo l&#8216;<strong>autenticit\u00e0 del modello ristrutturato<\/strong> \u00e8 attestato dalla corretta e rigida metodologia adottata ed il risultato finale ottempera all&#8217;imperativo della conservazione dell&#8217;originalit\u00e0 costruttiva del veicolo, pronto a riportare il suo possessore a ritroso nel tempo&#8230;<\/p>\n<p>Gli interventi di verniciatura effettuabili non si limitano alle auto storiche, ma sono orientate a <strong>qualsiasi veicolo d&#8217;epoca, motociclette comprese<\/strong>. Gr Painting S.r.l. affianca cos\u00ec alla conosciuta dedizione verso le moderne dream-car da salone, l&#8217;attenzione per il patrimonio della tradizione automobilistica mondiale, ri-valorizzando i veicoli che hanno fatto sognare le generazioni precedenti, perch\u00e9 continuino ad emozionare anche quelle a venire&#8230;<\/p>\n<blockquote><p>Nella sezione <a href=\"http:\/\/grpainting.it\/it\/gallery\/\">Gallery<\/a>, alla voce &#8222;Auto Storiche&#8220; sono visibili fotografie di nostri interventi di verniciatura su automobili d&#8217;epoca.<\/p><\/blockquote>\n<div class=\"clearfix divider-common divider-line\" style=\"margin-top:10px;margin-bottom:10px;\"><\/div><\/p>","protected":false},"excerpt":{"rendered":"<p>Leider ist der Eintrag nur auf Italienisch und Amerikanisches Englisch verf\u00fcgbar. Der Inhalt wird in der Standard-Sprache dieser Website angezeigt. Sie k\u00f6nnen einen Link anklicken, um zu einer anderen verf\u00fcgbaren Sprache zu wechseln. La conservazione dell&#8217;originalit\u00e0&#8230; Gr Painting si occupa specialisticamente anche di verniciatura d&#8217;auto d&#8217;epoca, nella sua sede di None (Torino). Per una realt\u00e0 abituata ad affrontare le problematiche complesse della finitura, montaggio e verniciatura di prototipi e modelli di stile per le principali firme del design internazionale, i [&hellip;]<\/p>\n","protected":false},"author":2,"featured_media":0,"parent":0,"menu_order":0,"comment_status":"closed","ping_status":"closed","template":"","meta":[],"aioseo_notices":[],"_links":{"self":[{"href":"https:\/\/grpainting.it\/de\/wp-json\/wp\/v2\/pages\/7100"}],"collection":[{"href":"https:\/\/grpainting.it\/de\/wp-json\/wp\/v2\/pages"}],"about":[{"href":"https:\/\/grpainting.it\/de\/wp-json\/wp\/v2\/types\/page"}],"author":[{"embeddable":true,"href":"https:\/\/grpainting.it\/de\/wp-json\/wp\/v2\/users\/2"}],"replies":[{"embeddable":true,"href":"https:\/\/grpainting.it\/de\/wp-json\/wp\/v2\/comments?post=7100"}],"version-history":[{"count":19,"href":"https:\/\/grpainting.it\/de\/wp-json\/wp\/v2\/pages\/7100\/revisions"}],"predecessor-version":[{"id":7249,"href":"https:\/\/grpainting.it\/de\/wp-json\/wp\/v2\/pages\/7100\/revisions\/7249"}],"wp:attachment":[{"href":"https:\/\/grpainting.it\/de\/wp-json\/wp\/v2\/media?parent=7100"}],"curies":[{"name":"wp","href":"https:\/\/api.w.org\/{rel}","templated":true}]}}