{"id":6045,"date":"2015-04-01T21:12:13","date_gmt":"2015-04-01T21:12:13","guid":{"rendered":"http:\/\/grpainting.it\/?page_id=6045"},"modified":"2022-09-21T10:27:34","modified_gmt":"2022-09-21T10:27:34","slug":"verniciatura-complementi-arredo","status":"publish","type":"page","link":"https:\/\/grpainting.it\/de\/aree-di-intervento\/verniciatura-complementi-arredo\/","title":{"rendered":"Interior Design und Architektur"},"content":{"rendered":"<p><\/p>\n<div class=\"slide-container-hor\">\n\t<div class=\"spaced-wrap clearfix\">\n\t\t<div class=\"flexslider-loader\"><\/div>\n\t\t<div class=\"flexslider-container-page flexislider-container-ID69d5cb79491 \">\n\t\t\t<div id=\"flexID69d5cb79491\" class=\"flexslider\">\n\t\t\t<ul class=\"slides\"><li><img src=\"https:\/\/grpainting.it\/wp-content\/uploads\/2015\/04\/poltrona-salone-mobile-milano-1.jpg\" alt=\"Poltrona al Salone del mobile a Milano , 2014\" class=\"displayed-image\"\/><\/li><li><img src=\"https:\/\/grpainting.it\/wp-content\/uploads\/2015\/04\/poltrona-salone-mobile-milano-2.jpg\" alt=\"Poltrona al Salone del mobile di Milano, 2014\" class=\"displayed-image\"\/><\/li><li><img src=\"https:\/\/grpainting.it\/wp-content\/uploads\/2015\/04\/elemento-arredo-verniciato.jpg\" alt=\"Elemento d'arredo verniciato\" class=\"displayed-image\"\/><\/li><li><img src=\"https:\/\/grpainting.it\/wp-content\/uploads\/2015\/04\/verniciatura-pezzo-arredamento.jpg\" alt=\"Verniciatura pezzo d'arredamento\" class=\"displayed-image\"\/><\/li><li><img src=\"https:\/\/grpainting.it\/wp-content\/uploads\/2015\/04\/pezzo-architettura-in-verniciatura-2.jpg\" alt=\"Pezzo d'architettura in verniciatura\" class=\"displayed-image\"\/><\/li><\/ul><\/div><\/div><\/div>\n<script type=\"text\/javascript\">\n\tjQuery(window).load(function() {\n\t\tjQuery(\"#flexID69d5cb79491\").flexslider({\n\t\t\tanimation: \"fade\",\n\t\t\tslideshow: true,\n\t\t\tpauseOnAction: true,\n\t\t\tpauseOnHover: true,\n\t\t\tsmoothHeight: true,\n\t\t\tcontrolsContainer: \"flexslider-container-ID69d5cb79491\",\n\t\t\tstart: function(){\n\t\t\t\tjQuery(\".flexslider-loader\").slideUp(\"fast\");\n\t\t\t}\n\t\t});\n\t});\n<\/script>\n<\/div>\n<h4><strong><span style=\"color: #454545;\">Lackierung von Einrichtungsgegenst\u00e4nden und Objekten<br \/>\n<\/span><\/strong><\/h4>\n<p>Die Vorbereitung und Lackierung von Erzeugnissen f\u00fcr die Architektur und Einrichtungsbranche erfordern eine spezielle praktische und theoretische Fachkompetenz, um die Anforderungen der Architekten und Designer zu erf\u00fcllen. Im Gegensatz zu anderen T\u00e4tigkeitsbereichen ist hier nicht nur eine gewisse Erfahrung in Bezug auf Indoor-Wohnbereiche und auf die Verbindungen zwischen dem technologischen und formalen Aspekt notwendig, sondern es m\u00fcssen auch Techniken beherrscht werden, die f\u00fcr die Oberfl\u00e4chenbehandlung und Lackierung der typischen Werkstoffe der Architektur, des Bauwesens oder der Einrichtungsbranche f\u00fcr \u00f6ffentliche und private Ambiente eingesetzt werden.<\/p>\n<h5><span style=\"color: #454545;\"><strong>Effekte: Es wird laufend experimentiert<\/strong><\/span><\/h5>\n<p>Gr Painting stellt eine unbegrenzte Farbauswahl mit verschiedensten, im Laufe zahlreicher Experimente erzielten Effekten zur Verf\u00fcgung, die die Projekte dieser Branche bestens aufwerten.<\/p>","protected":false},"excerpt":{"rendered":"<p>Lackierung von Einrichtungsgegenst\u00e4nden und Objekten Die Vorbereitung und Lackierung von Erzeugnissen f\u00fcr die Architektur und Einrichtungsbranche erfordern eine spezielle praktische und theoretische Fachkompetenz, um die Anforderungen der Architekten und Designer zu erf\u00fcllen. Im Gegensatz zu anderen T\u00e4tigkeitsbereichen ist hier nicht nur eine gewisse Erfahrung in Bezug auf Indoor-Wohnbereiche und auf die Verbindungen zwischen dem technologischen und formalen Aspekt notwendig, sondern es m\u00fcssen auch Techniken beherrscht werden, die f\u00fcr die Oberfl\u00e4chenbehandlung und Lackierung der typischen Werkstoffe der Architektur, des Bauwesens oder [&hellip;]<\/p>\n","protected":false},"author":1,"featured_media":0,"parent":6052,"menu_order":0,"comment_status":"closed","ping_status":"open","template":"","meta":[],"aioseo_notices":[],"_links":{"self":[{"href":"https:\/\/grpainting.it\/de\/wp-json\/wp\/v2\/pages\/6045"}],"collection":[{"href":"https:\/\/grpainting.it\/de\/wp-json\/wp\/v2\/pages"}],"about":[{"href":"https:\/\/grpainting.it\/de\/wp-json\/wp\/v2\/types\/page"}],"author":[{"embeddable":true,"href":"https:\/\/grpainting.it\/de\/wp-json\/wp\/v2\/users\/1"}],"replies":[{"embeddable":true,"href":"https:\/\/grpainting.it\/de\/wp-json\/wp\/v2\/comments?post=6045"}],"version-history":[{"count":13,"href":"https:\/\/grpainting.it\/de\/wp-json\/wp\/v2\/pages\/6045\/revisions"}],"predecessor-version":[{"id":6915,"href":"https:\/\/grpainting.it\/de\/wp-json\/wp\/v2\/pages\/6045\/revisions\/6915"}],"up":[{"embeddable":true,"href":"https:\/\/grpainting.it\/de\/wp-json\/wp\/v2\/pages\/6052"}],"wp:attachment":[{"href":"https:\/\/grpainting.it\/de\/wp-json\/wp\/v2\/media?parent=6045"}],"curies":[{"name":"wp","href":"https:\/\/api.w.org\/{rel}","templated":true}]}}