{"id":6043,"date":"2015-04-01T21:12:13","date_gmt":"2015-04-01T21:12:13","guid":{"rendered":"http:\/\/grpainting.it\/?page_id=6043"},"modified":"2022-09-21T10:27:34","modified_gmt":"2022-09-21T10:27:34","slug":"verniciatura-modelli-aerei","status":"publish","type":"page","link":"https:\/\/grpainting.it\/de\/aree-di-intervento\/verniciatura-modelli-aerei\/","title":{"rendered":"Luftfahrt"},"content":{"rendered":"<p><\/p>\n<div class=\"slide-container-hor\">\n\t<div class=\"spaced-wrap clearfix\">\n\t\t<div class=\"flexslider-loader\"><\/div>\n\t\t<div class=\"flexslider-container-page flexislider-container-ID69d8b138f008 \">\n\t\t\t<div id=\"flexID69d8b138f008\" class=\"flexslider\">\n\t\t\t<ul class=\"slides\"><li><img src=\"https:\/\/grpainting.it\/wp-content\/uploads\/2015\/04\/modello-aereo-verniciato.jpg\" alt=\"modello di aereo verniciato\" class=\"displayed-image\"\/><\/li><\/ul><\/div><\/div><\/div>\n<script type=\"text\/javascript\">\n\tjQuery(window).load(function() {\n\t\tjQuery(\"#flexID69d8b138f008\").flexslider({\n\t\t\tanimation: \"fade\",\n\t\t\tslideshow: true,\n\t\t\tpauseOnAction: true,\n\t\t\tpauseOnHover: true,\n\t\t\tsmoothHeight: true,\n\t\t\tcontrolsContainer: \"flexslider-container-ID69d8b138f008\",\n\t\t\tstart: function(){\n\t\t\t\tjQuery(\".flexslider-loader\").slideUp(\"fast\");\n\t\t\t}\n\t\t});\n\t});\n<\/script>\n<\/div>\n<h4><strong><span style=\"color: #454545;\">Lackierung von Stilmodellen<br \/>\n<\/span><\/strong><\/h4>\n<p>Eine weitere Branche, in der sich Gr Painting prototypes and models dank der bereits bekannten Sorgfalt behauptet, ist die Oberfl\u00e4chenbehandlung und Lackierung von Stilmodellen von Flugzeugen. In diesem Bereich wird nicht nur die \u00e4sthetische H\u00fclle der Maquette der Studie in verschiedenen Ma\u00dfst\u00e4ben bearbeitet, sondern auch die oft auch komplexe, in simulierten R\u00fcmpfen im Ma\u00dfstab 1:1 montierte Innenausstattung.<\/p>\n<h5><span style=\"color: #454545;\"><strong>Viel Platz f\u00fcr gro\u00dfe Modelle<\/strong><\/span><\/h5>\n<p>Aufgrund der beachtlichen Dimensionen der zu lackierenden Studien-Maquetten m\u00fcssen die Fertigungsr\u00e4ume in ihrer Gr\u00f6\u00dfe entsprechend ausgelegt sein. Diese Voraussetzung erf\u00fcllt Gr Painting mit dem \u00fcber 2000 m\u00b2 gro\u00dfen, vollkommen \u00fcberdachten Werk problemlos.<\/p>","protected":false},"excerpt":{"rendered":"<p>Lackierung von Stilmodellen Eine weitere Branche, in der sich Gr Painting prototypes and models dank der bereits bekannten Sorgfalt behauptet, ist die Oberfl\u00e4chenbehandlung und Lackierung von Stilmodellen von Flugzeugen. In diesem Bereich wird nicht nur die \u00e4sthetische H\u00fclle der Maquette der Studie in verschiedenen Ma\u00dfst\u00e4ben bearbeitet, sondern auch die oft auch komplexe, in simulierten R\u00fcmpfen im Ma\u00dfstab 1:1 montierte Innenausstattung. Viel Platz f\u00fcr gro\u00dfe Modelle Aufgrund der beachtlichen Dimensionen der zu lackierenden Studien-Maquetten m\u00fcssen die Fertigungsr\u00e4ume in ihrer Gr\u00f6\u00dfe entsprechend [&hellip;]<\/p>\n","protected":false},"author":1,"featured_media":0,"parent":6052,"menu_order":0,"comment_status":"closed","ping_status":"open","template":"","meta":[],"aioseo_notices":[],"_links":{"self":[{"href":"https:\/\/grpainting.it\/de\/wp-json\/wp\/v2\/pages\/6043"}],"collection":[{"href":"https:\/\/grpainting.it\/de\/wp-json\/wp\/v2\/pages"}],"about":[{"href":"https:\/\/grpainting.it\/de\/wp-json\/wp\/v2\/types\/page"}],"author":[{"embeddable":true,"href":"https:\/\/grpainting.it\/de\/wp-json\/wp\/v2\/users\/1"}],"replies":[{"embeddable":true,"href":"https:\/\/grpainting.it\/de\/wp-json\/wp\/v2\/comments?post=6043"}],"version-history":[{"count":14,"href":"https:\/\/grpainting.it\/de\/wp-json\/wp\/v2\/pages\/6043\/revisions"}],"predecessor-version":[{"id":6913,"href":"https:\/\/grpainting.it\/de\/wp-json\/wp\/v2\/pages\/6043\/revisions\/6913"}],"up":[{"embeddable":true,"href":"https:\/\/grpainting.it\/de\/wp-json\/wp\/v2\/pages\/6052"}],"wp:attachment":[{"href":"https:\/\/grpainting.it\/de\/wp-json\/wp\/v2\/media?parent=6043"}],"curies":[{"name":"wp","href":"https:\/\/api.w.org\/{rel}","templated":true}]}}