{"id":6041,"date":"2015-04-01T21:01:22","date_gmt":"2015-04-01T21:01:22","guid":{"rendered":"http:\/\/grpainting.it\/?page_id=6041"},"modified":"2022-09-21T10:27:34","modified_gmt":"2022-09-21T10:27:34","slug":"verniciatura-barche","status":"publish","type":"page","link":"https:\/\/grpainting.it\/de\/aree-di-intervento\/verniciatura-barche\/","title":{"rendered":"Bootsbau"},"content":{"rendered":"<p><\/p>\n<div class=\"slide-container-hor\">\n\t<div class=\"spaced-wrap clearfix\">\n\t\t<div class=\"flexslider-loader\"><\/div>\n\t\t<div class=\"flexslider-container-page flexislider-container-ID69e04d17a346 \">\n\t\t\t<div id=\"flexID69e04d17a346\" class=\"flexslider\">\n\t\t\t<ul class=\"slides\"><li><img src=\"https:\/\/grpainting.it\/wp-content\/uploads\/2015\/04\/varniciatura-barche-imbarcazioni.jpg\" alt=\"Verniciatura barche e yacht\" class=\"displayed-image\"\/><\/li><li><img src=\"https:\/\/grpainting.it\/wp-content\/uploads\/2015\/04\/barca-gel-coat-verniciatura.jpg\" alt=\"Barca: verniciatura\" class=\"displayed-image\"\/><\/li><\/ul><\/div><\/div><\/div>\n<script type=\"text\/javascript\">\n\tjQuery(window).load(function() {\n\t\tjQuery(\"#flexID69e04d17a346\").flexslider({\n\t\t\tanimation: \"fade\",\n\t\t\tslideshow: true,\n\t\t\tpauseOnAction: true,\n\t\t\tpauseOnHover: true,\n\t\t\tsmoothHeight: true,\n\t\t\tcontrolsContainer: \"flexslider-container-ID69e04d17a346\",\n\t\t\tstart: function(){\n\t\t\t\tjQuery(\".flexslider-loader\").slideUp(\"fast\");\n\t\t\t}\n\t\t});\n\t});\n<\/script>\n<\/div>\n<h4><strong><span style=\"color: #454545;\">Lackierung von Stilmodellen von Yachten und Booten<br \/>\n<\/span><\/strong><\/h4>\n<p>Die Spezialisten von Gr Painting werden oft mit der Oberfl\u00e4chenbehandlung und Lackierung von Stilmodellen von Yachten und Booten im Allgemeinen beauftragt. Diese Modelle werden von den verschiedenen Designern als morphologische Studien hergestellt. Au\u00dferdem werden auch kleine, gebrauchst\u00fcchtige Boote im Ma\u00dfstab 1:1 mit entsprechenden Methoden lackiert bzw. mit Gelcoat beschichtet.<\/p>\n<h5><strong><span style=\"color: #454545;\">Gelcoat-Beschichtung<\/span><\/strong><\/h5>\n<p>Bei der Gelcoat-Beschichtung handelt es sich um eine spezielle Oberfl\u00e4chenbeschichtung aus pigmentiertem Polyesterharz. Die dicke Grundierungsschicht sch\u00fctzt das Boot vor Wasserinfiltrationen, die durch die Kapillarit\u00e4t der Oberfl\u00e4chenfasern des Bootmaterials verursacht werden k\u00f6nnen.<\/p>","protected":false},"excerpt":{"rendered":"<p>Lackierung von Stilmodellen von Yachten und Booten Die Spezialisten von Gr Painting werden oft mit der Oberfl\u00e4chenbehandlung und Lackierung von Stilmodellen von Yachten und Booten im Allgemeinen beauftragt. Diese Modelle werden von den verschiedenen Designern als morphologische Studien hergestellt. Au\u00dferdem werden auch kleine, gebrauchst\u00fcchtige Boote im Ma\u00dfstab 1:1 mit entsprechenden Methoden lackiert bzw. mit Gelcoat beschichtet. Gelcoat-Beschichtung Bei der Gelcoat-Beschichtung handelt es sich um eine spezielle Oberfl\u00e4chenbeschichtung aus pigmentiertem Polyesterharz. Die dicke Grundierungsschicht sch\u00fctzt das Boot vor Wasserinfiltrationen, die durch [&hellip;]<\/p>\n","protected":false},"author":1,"featured_media":0,"parent":6052,"menu_order":0,"comment_status":"closed","ping_status":"closed","template":"","meta":[],"aioseo_notices":[],"_links":{"self":[{"href":"https:\/\/grpainting.it\/de\/wp-json\/wp\/v2\/pages\/6041"}],"collection":[{"href":"https:\/\/grpainting.it\/de\/wp-json\/wp\/v2\/pages"}],"about":[{"href":"https:\/\/grpainting.it\/de\/wp-json\/wp\/v2\/types\/page"}],"author":[{"embeddable":true,"href":"https:\/\/grpainting.it\/de\/wp-json\/wp\/v2\/users\/1"}],"replies":[{"embeddable":true,"href":"https:\/\/grpainting.it\/de\/wp-json\/wp\/v2\/comments?post=6041"}],"version-history":[{"count":7,"href":"https:\/\/grpainting.it\/de\/wp-json\/wp\/v2\/pages\/6041\/revisions"}],"predecessor-version":[{"id":6912,"href":"https:\/\/grpainting.it\/de\/wp-json\/wp\/v2\/pages\/6041\/revisions\/6912"}],"up":[{"embeddable":true,"href":"https:\/\/grpainting.it\/de\/wp-json\/wp\/v2\/pages\/6052"}],"wp:attachment":[{"href":"https:\/\/grpainting.it\/de\/wp-json\/wp\/v2\/media?parent=6041"}],"curies":[{"name":"wp","href":"https:\/\/api.w.org\/{rel}","templated":true}]}}