{"id":6039,"date":"2015-04-01T21:12:13","date_gmt":"2015-04-01T21:12:13","guid":{"rendered":"http:\/\/grpainting.it\/?page_id=6039"},"modified":"2022-09-21T10:27:34","modified_gmt":"2022-09-21T10:27:34","slug":"verniciatura-industrial-design","status":"publish","type":"page","link":"https:\/\/grpainting.it\/de\/aree-di-intervento\/verniciatura-industrial-design\/","title":{"rendered":"Product Design"},"content":{"rendered":"<p><\/p>\n<div class=\"slide-container-hor\">\n\t<div class=\"spaced-wrap clearfix\">\n\t\t<div class=\"flexslider-loader\"><\/div>\n\t\t<div class=\"flexslider-container-page flexislider-container-ID69dcd80a98fc \">\n\t\t\t<div id=\"flexID69dcd80a98fc\" class=\"flexslider\">\n\t\t\t<ul class=\"slides\"><li><img src=\"https:\/\/grpainting.it\/wp-content\/uploads\/2015\/04\/verniciatura-stampa-3d.jpg\" alt=\"verniciatura stampa-3d\" class=\"displayed-image\"\/><\/li><li><img src=\"https:\/\/grpainting.it\/wp-content\/uploads\/2015\/05\/verniciatura-stereolitografia.jpg\" alt=\"Verniciatura Stereolitografia\" class=\"displayed-image\"\/><\/li><li><img src=\"https:\/\/grpainting.it\/wp-content\/uploads\/2015\/04\/vernici-per-industrial-design.jpg\" alt=\"Vernici per industrial design\" class=\"displayed-image\"\/><\/li><li><img src=\"https:\/\/grpainting.it\/wp-content\/uploads\/2015\/04\/verniciatura-oggetti-produzione.jpg\" alt=\"Verniciatura oggetti produzione\" class=\"displayed-image\"\/><\/li><li><img src=\"https:\/\/grpainting.it\/wp-content\/uploads\/2015\/04\/verniciatura-plastica.jpg\" alt=\"Verniciatura plastica\" class=\"displayed-image\"\/><\/li><\/ul><\/div><\/div><\/div>\n<script type=\"text\/javascript\">\n\tjQuery(window).load(function() {\n\t\tjQuery(\"#flexID69dcd80a98fc\").flexslider({\n\t\t\tanimation: \"fade\",\n\t\t\tslideshow: true,\n\t\t\tpauseOnAction: true,\n\t\t\tpauseOnHover: true,\n\t\t\tsmoothHeight: true,\n\t\t\tcontrolsContainer: \"flexslider-container-ID69dcd80a98fc\",\n\t\t\tstart: function(){\n\t\t\t\tjQuery(\".flexslider-loader\").slideUp(\"fast\");\n\t\t\t}\n\t\t});\n\t});\n<\/script>\n<\/div>\n<h4><strong>Lackierung von Industriedesign-Objekten<\/strong><\/h4>\n<p>Die Industriedesign-Branche ist durch die Entstehung verschiedener neuer Herstellungsformen besonders stark in Umbruch. Neben der Stereolithografie und Sinterung sind mit der enormen Verbreitung des 3D-Drucks zahlreiche andere Methoden entstanden: FFF (Fused Filament Fabrication), FTI \u2013 (Film Transfert Imaging), MJM \u2013 (Multi Jet Modeling), um nur einige dieser Methoden zu nennen. Selbstverst\u00e4ndlich haben wir bei Gr Painting unser Know-how dementsprechend erweitert und sind somit in der Lage, die Anforderungen dieser neuen Materialen zu erf\u00fcllen.<\/p>\n<h5><strong>Von den Objekten f\u00fcr die Industrieproduktion bis hin zu Einzelexemplaren<\/strong><\/h5>\n<p>Studienmodelle oder -prototypen, die f\u00fcr die industrielle Fertigung oder f\u00fcr die Herstellung von Einzelexemplaren angefertigt werden, k\u00f6nnen von Gr Painting mit gr\u00f6\u00dfter Sorgfalt und ohne jegliche Einschr\u00e4nkung gefinisht und lackiert werden. Jedes Erzeugnis, egal ob es f\u00fcr eine Serienproduktion entwickelt wurde bzw. aus unterschiedlichen Elementen mit verschiedenartigen Oberfl\u00e4chenbehandlungen und Lackierungen besteht, wird zur G\u00e4nze problemlos und rasch betriebsintern bearbeitet.<\/p>","protected":false},"excerpt":{"rendered":"<p>Lackierung von Industriedesign-Objekten Die Industriedesign-Branche ist durch die Entstehung verschiedener neuer Herstellungsformen besonders stark in Umbruch. Neben der Stereolithografie und Sinterung sind mit der enormen Verbreitung des 3D-Drucks zahlreiche andere Methoden entstanden: FFF (Fused Filament Fabrication), FTI \u2013 (Film Transfert Imaging), MJM \u2013 (Multi Jet Modeling), um nur einige dieser Methoden zu nennen. Selbstverst\u00e4ndlich haben wir bei Gr Painting unser Know-how dementsprechend erweitert und sind somit in der Lage, die Anforderungen dieser neuen Materialen zu erf\u00fcllen. Von den Objekten f\u00fcr [&hellip;]<\/p>\n","protected":false},"author":1,"featured_media":0,"parent":6052,"menu_order":0,"comment_status":"closed","ping_status":"open","template":"","meta":[],"aioseo_notices":[],"_links":{"self":[{"href":"https:\/\/grpainting.it\/de\/wp-json\/wp\/v2\/pages\/6039"}],"collection":[{"href":"https:\/\/grpainting.it\/de\/wp-json\/wp\/v2\/pages"}],"about":[{"href":"https:\/\/grpainting.it\/de\/wp-json\/wp\/v2\/types\/page"}],"author":[{"embeddable":true,"href":"https:\/\/grpainting.it\/de\/wp-json\/wp\/v2\/users\/1"}],"replies":[{"embeddable":true,"href":"https:\/\/grpainting.it\/de\/wp-json\/wp\/v2\/comments?post=6039"}],"version-history":[{"count":9,"href":"https:\/\/grpainting.it\/de\/wp-json\/wp\/v2\/pages\/6039\/revisions"}],"predecessor-version":[{"id":6908,"href":"https:\/\/grpainting.it\/de\/wp-json\/wp\/v2\/pages\/6039\/revisions\/6908"}],"up":[{"embeddable":true,"href":"https:\/\/grpainting.it\/de\/wp-json\/wp\/v2\/pages\/6052"}],"wp:attachment":[{"href":"https:\/\/grpainting.it\/de\/wp-json\/wp\/v2\/media?parent=6039"}],"curies":[{"name":"wp","href":"https:\/\/api.w.org\/{rel}","templated":true}]}}