{"id":6037,"date":"2015-04-01T21:12:13","date_gmt":"2015-04-01T21:12:13","guid":{"rendered":"http:\/\/grpainting.it\/?page_id=6037"},"modified":"2022-09-21T10:27:34","modified_gmt":"2022-09-21T10:27:34","slug":"verniciatura-pre-serie-piccole-serie","status":"publish","type":"page","link":"https:\/\/grpainting.it\/de\/aree-di-intervento\/verniciatura-pre-serie-piccole-serie\/","title":{"rendered":"Car Production &#8211; Kleinserien"},"content":{"rendered":"<p><\/p>\n<div class=\"slide-container-hor\">\n\t<div class=\"spaced-wrap clearfix\">\n\t\t<div class=\"flexslider-loader\"><\/div>\n\t\t<div class=\"flexslider-container-page flexislider-container-ID69e79581ccb1 \">\n\t\t\t<div id=\"flexID69e79581ccb1\" class=\"flexslider\">\n\t\t\t<ul class=\"slides\"><li><img src=\"https:\/\/grpainting.it\/wp-content\/uploads\/2015\/04\/verniciatura-auto-produzione-serie-maserati.jpg\" alt=\"Verniciatura auto produzione serie, Maserati\" class=\"displayed-image\"\/><\/li><li><img src=\"https:\/\/grpainting.it\/wp-content\/uploads\/2015\/04\/verniciatura-piccole-serie-automobili.jpg\" alt=\"Verniciatura piccole serie auto\" class=\"displayed-image\"\/><\/li><li><img src=\"https:\/\/grpainting.it\/wp-content\/uploads\/2015\/04\/verniciatura-piccole-serie-ibiza.jpg\" alt=\"Verniciatura preserie: Seat Ibiza\" class=\"displayed-image\"\/><\/li><li><img src=\"https:\/\/grpainting.it\/wp-content\/uploads\/2015\/03\/verniciatura-prototipi-pre-serie.jpg\" alt=\"Verniciatura prototipi di pre-serie\" class=\"displayed-image\"\/><\/li><li><img src=\"https:\/\/grpainting.it\/wp-content\/uploads\/2015\/04\/produzione-automobile-fisker.jpg\" alt=\"Verniciatura piccole serie: Fisker\" class=\"displayed-image\"\/><\/li><\/ul><\/div><\/div><\/div>\n<script type=\"text\/javascript\">\n\tjQuery(window).load(function() {\n\t\tjQuery(\"#flexID69e79581ccb1\").flexslider({\n\t\t\tanimation: \"fade\",\n\t\t\tslideshow: true,\n\t\t\tpauseOnAction: true,\n\t\t\tpauseOnHover: true,\n\t\t\tsmoothHeight: true,\n\t\t\tcontrolsContainer: \"flexslider-container-ID69e79581ccb1\",\n\t\t\tstart: function(){\n\t\t\t\tjQuery(\".flexslider-loader\").slideUp(\"fast\");\n\t\t\t}\n\t\t});\n\t});\n<\/script>\n<\/div>\n<h4><strong><span style=\"color: #454545;\">Lackierung von Kleinserien und Vorserien-Prototypen<br \/>\n<\/span><\/strong><\/h4>\n<p>Der Erfolg von Gr Painting f\u00fchrte dazu, dass das Unternehmen kontinuierlich expandierte und seinen T\u00e4tigkeitsbereich vielf\u00e4ltig erweiterte. Dies erfordert nicht nur einen angemessenen technologischen Rahmen, sondern auch einer Betriebsgr\u00f6\u00dfe und -struktur, die sich f\u00fcr die zur serienm\u00e4\u00dfigen Bearbeitung einer betr\u00e4chtlichen Menge an Erzeugnissen, inklusive Oberfl\u00e4chenausf\u00fchrung und Lackierung kleiner Automobil- oder Fahrzeugserien im Allgemeinen, eignen.<\/p>\n<p>Sofern der Auftraggeber die Karosserie zur Verf\u00fcgung stellt, wird diese je nach Leistungsverzeichnis des Kunden geschliffen, gereinigt, lackiert, poliert und einer abschlie\u00dfenden Qualit\u00e4tskontrolle unterzogen.<\/p>\n<p>Gr Painting ist im Besonderen auf die <strong>Lackierung von Vorserien-Prototypen<\/strong> vorwiegend von Kraftwagen spezialisiert. Unser Know-how erm\u00f6glicht uns dabei eine ideale Abwicklung aller n\u00f6tigen Bearbeitungen:<\/p>\n<ol>\n<li style=\"padding-left: 30px;\"><strong>\u00a0H\u00e4rtung bei 200 \u00b0C mit computer\u00fcberwachter Temperaturregelung<\/strong><\/li>\n<li style=\"padding-left: 30px;\"><strong>\u00a0Abbeizen der Karosserie<\/strong><\/li>\n<li style=\"padding-left: 30px;\"><strong>\u00a0Kathodische Tauchlackierung mit Epoxidharzen<\/strong><\/li>\n<li style=\"padding-left: 30px;\"><strong>\u00a0Erneutes Brennverfahren<\/strong><\/li>\n<li style=\"padding-left: 30px;\"><strong>\u00a0Versiegelung und Antidr\u00f6hnbeschichtung<\/strong><\/li>\n<li style=\"padding-left: 30px;\"><strong>\u00a0Lackierung<\/strong><\/li>\n<li style=\"padding-left: 30px;\"><strong>\u00a0Polieren<\/strong><\/li>\n<\/ol>\n<div class=\"clearfix divider-common divider-line\" style=\"margin-top:10px;margin-bottom:10px;\"><\/div><\/p>","protected":false},"excerpt":{"rendered":"<p>Lackierung von Kleinserien und Vorserien-Prototypen Der Erfolg von Gr Painting f\u00fchrte dazu, dass das Unternehmen kontinuierlich expandierte und seinen T\u00e4tigkeitsbereich vielf\u00e4ltig erweiterte. Dies erfordert nicht nur einen angemessenen technologischen Rahmen, sondern auch einer Betriebsgr\u00f6\u00dfe und -struktur, die sich f\u00fcr die zur serienm\u00e4\u00dfigen Bearbeitung einer betr\u00e4chtlichen Menge an Erzeugnissen, inklusive Oberfl\u00e4chenausf\u00fchrung und Lackierung kleiner Automobil- oder Fahrzeugserien im Allgemeinen, eignen. Sofern der Auftraggeber die Karosserie zur Verf\u00fcgung stellt, wird diese je nach Leistungsverzeichnis des Kunden geschliffen, gereinigt, lackiert, poliert und einer [&hellip;]<\/p>\n","protected":false},"author":1,"featured_media":0,"parent":6052,"menu_order":0,"comment_status":"closed","ping_status":"open","template":"","meta":[],"aioseo_notices":[],"_links":{"self":[{"href":"https:\/\/grpainting.it\/de\/wp-json\/wp\/v2\/pages\/6037"}],"collection":[{"href":"https:\/\/grpainting.it\/de\/wp-json\/wp\/v2\/pages"}],"about":[{"href":"https:\/\/grpainting.it\/de\/wp-json\/wp\/v2\/types\/page"}],"author":[{"embeddable":true,"href":"https:\/\/grpainting.it\/de\/wp-json\/wp\/v2\/users\/1"}],"replies":[{"embeddable":true,"href":"https:\/\/grpainting.it\/de\/wp-json\/wp\/v2\/comments?post=6037"}],"version-history":[{"count":24,"href":"https:\/\/grpainting.it\/de\/wp-json\/wp\/v2\/pages\/6037\/revisions"}],"predecessor-version":[{"id":6907,"href":"https:\/\/grpainting.it\/de\/wp-json\/wp\/v2\/pages\/6037\/revisions\/6907"}],"up":[{"embeddable":true,"href":"https:\/\/grpainting.it\/de\/wp-json\/wp\/v2\/pages\/6052"}],"wp:attachment":[{"href":"https:\/\/grpainting.it\/de\/wp-json\/wp\/v2\/media?parent=6037"}],"curies":[{"name":"wp","href":"https:\/\/api.w.org\/{rel}","templated":true}]}}