{"id":6035,"date":"2015-04-01T21:12:13","date_gmt":"2015-04-01T21:12:13","guid":{"rendered":"http:\/\/grpainting.it\/?page_id=6035"},"modified":"2022-09-21T10:27:34","modified_gmt":"2022-09-21T10:27:34","slug":"car-design","status":"publish","type":"page","link":"https:\/\/grpainting.it\/de\/aree-di-intervento\/car-design\/","title":{"rendered":"Car Design"},"content":{"rendered":"<p><\/p>\n<div class=\"slide-container-hor\">\n\t<div class=\"spaced-wrap clearfix\">\n\t\t<div class=\"flexslider-loader\"><\/div>\n\t\t<div class=\"flexslider-container-page flexislider-container-ID69dcd673475 \">\n\t\t\t<div id=\"flexID69dcd673475\" class=\"flexslider\">\n\t\t\t<ul class=\"slides\"><li><img src=\"https:\/\/grpainting.it\/wp-content\/uploads\/2015\/04\/lykan-fast-furiosus-carrozzeria-salone-dubai-2013.jpg\" alt=\"Lykan, carrozzeria esposta al salone di Dubai\" class=\"displayed-image\"\/><\/li><li><img src=\"https:\/\/grpainting.it\/wp-content\/uploads\/2015\/04\/stucco-carteggiatura-prototipo.jpg\" alt=\"Stucco e carteggiatura prototipo Lykan\" class=\"displayed-image\"\/><\/li><li><img src=\"https:\/\/grpainting.it\/wp-content\/uploads\/2015\/04\/Porsche-Moncenisio-verniciata.jpg\" alt=\"Porsche Moncenisio verniciata da Gr Painting\" class=\"displayed-image\"\/><\/li><li><img src=\"https:\/\/grpainting.it\/wp-content\/uploads\/2015\/04\/verniciatura-carrozzeria-prototipo-porsche.jpg\" alt=\"verniciatura della carrozzeria di un prototipo Porsche\" class=\"displayed-image\"\/><\/li><\/ul><\/div><\/div><\/div>\n<script type=\"text\/javascript\">\n\tjQuery(window).load(function() {\n\t\tjQuery(\"#flexID69dcd673475\").flexslider({\n\t\t\tanimation: \"fade\",\n\t\t\tslideshow: true,\n\t\t\tpauseOnAction: true,\n\t\t\tpauseOnHover: true,\n\t\t\tsmoothHeight: true,\n\t\t\tcontrolsContainer: \"flexslider-container-ID69dcd673475\",\n\t\t\tstart: function(){\n\t\t\t\tjQuery(\".flexslider-loader\").slideUp(\"fast\");\n\t\t\t}\n\t\t});\n\t});\n<\/script>\n<\/div>\n<h4><span style=\"color: #454545;\"><strong>Transportation Design \u2013 Lackierung von Prototypen und Stilmodellen<\/strong><\/span><\/h4>\n<p>Das Engagement von Gr Painting im Bereich Transportation Design f\u00fchrte zur Gr\u00fcndung des Unternehmens, denn die Lackierung von Prototypen und Stilmodellen f\u00fcr die Automobilindustrie und die Fahrzeuglackierung im Allgemeinen stellen die Hauptt\u00e4tigkeit des Turiner Betriebs dar. W\u00e4hrend seiner langj\u00e4hrigen T\u00e4tigkeit vor der Gr\u00fcndung von Gr Painting sammelte Roberto Gatto in den renommiertesten Fachbetrieben f\u00fcr Speziallackierung gezielt Erfahrungen im Bereich der Lackierung von statischen und dynamischen Modellen und Fahrzeugprototypen.<\/p>\n<h5><span style=\"color: #454545;\"><strong>Von den Automobilen zu den Motorr\u00e4dern<\/strong><\/span><\/h5>\n<p>Gr Painting ist darauf ausgerichtet, die Anforderungen an die Lackierung von Vorserien-Autoprototypen sowie von in Einzelanfertigung hergestellten fahrenden Prototypen f\u00fcr die Automobilsalons und insbesondere von Concept Cars zu erf\u00fcllen. Das Unternehmen hat sich jedoch dar\u00fcber hinaus bei der individuellen Gestaltung und Lackierung von Rennautos sowie bei der Ausf\u00fchrung und Lackierung von Motorrad-Prototypen oder -Modellen sowie Transportmitteln im Allgemeinen erfolgreich positioniert.<br \/>\nDasselbe gilt f\u00fcr die Stilmodelle und Maquetten im Ma\u00dfstab 1:1 oder im verkleinerten Ma\u00dfstab, die \u00fcblicherweise aus Clay, Gips, Epowood oder Polystyrol angefertigt werden und deren Aufgabe wie im Fall der fahrenden Show-Cars darin liegt, die emotionale Wirkung ihrer \u00c4sthetik auf das Publikum zu sondieren, wobei die Qualit\u00e4t der Oberfl\u00e4chenausf\u00fchrungen und Lackierung von wesentlicher Bedeutung ist.<\/p>","protected":false},"excerpt":{"rendered":"<p>Transportation Design \u2013 Lackierung von Prototypen und Stilmodellen Das Engagement von Gr Painting im Bereich Transportation Design f\u00fchrte zur Gr\u00fcndung des Unternehmens, denn die Lackierung von Prototypen und Stilmodellen f\u00fcr die Automobilindustrie und die Fahrzeuglackierung im Allgemeinen stellen die Hauptt\u00e4tigkeit des Turiner Betriebs dar. W\u00e4hrend seiner langj\u00e4hrigen T\u00e4tigkeit vor der Gr\u00fcndung von Gr Painting sammelte Roberto Gatto in den renommiertesten Fachbetrieben f\u00fcr Speziallackierung gezielt Erfahrungen im Bereich der Lackierung von statischen und dynamischen Modellen und Fahrzeugprototypen. Von den Automobilen zu [&hellip;]<\/p>\n","protected":false},"author":1,"featured_media":0,"parent":6052,"menu_order":0,"comment_status":"closed","ping_status":"open","template":"","meta":[],"aioseo_notices":[],"_links":{"self":[{"href":"https:\/\/grpainting.it\/de\/wp-json\/wp\/v2\/pages\/6035"}],"collection":[{"href":"https:\/\/grpainting.it\/de\/wp-json\/wp\/v2\/pages"}],"about":[{"href":"https:\/\/grpainting.it\/de\/wp-json\/wp\/v2\/types\/page"}],"author":[{"embeddable":true,"href":"https:\/\/grpainting.it\/de\/wp-json\/wp\/v2\/users\/1"}],"replies":[{"embeddable":true,"href":"https:\/\/grpainting.it\/de\/wp-json\/wp\/v2\/comments?post=6035"}],"version-history":[{"count":12,"href":"https:\/\/grpainting.it\/de\/wp-json\/wp\/v2\/pages\/6035\/revisions"}],"predecessor-version":[{"id":6903,"href":"https:\/\/grpainting.it\/de\/wp-json\/wp\/v2\/pages\/6035\/revisions\/6903"}],"up":[{"embeddable":true,"href":"https:\/\/grpainting.it\/de\/wp-json\/wp\/v2\/pages\/6052"}],"wp:attachment":[{"href":"https:\/\/grpainting.it\/de\/wp-json\/wp\/v2\/media?parent=6035"}],"curies":[{"name":"wp","href":"https:\/\/api.w.org\/{rel}","templated":true}]}}