{"id":6030,"date":"2015-04-01T20:42:49","date_gmt":"2015-04-01T20:42:49","guid":{"rendered":"http:\/\/grpainting.it\/?page_id=6030"},"modified":"2022-09-21T10:27:34","modified_gmt":"2022-09-21T10:27:34","slug":"stabilimento-riservatezza","status":"publish","type":"page","link":"https:\/\/grpainting.it\/de\/chi-siamo\/stabilimento-riservatezza\/","title":{"rendered":"Werk und Vertraulichkeit"},"content":{"rendered":"<p>\n\t<div class=\"spaced-wrap clearfix\">\n\t\t<div class=\"flexslider-loader\"><\/div>\n\t\t<div class=\"flexslider-container-page flexislider-container-ID69d22038f538 \">\n\t\t\t<div id=\"flexID69d22038f538\" class=\"flexslider\">\n\t\t\t<ul class=\"slides\"><li><img src=\"https:\/\/grpainting.it\/wp-content\/uploads\/2015\/04\/stabilimento-forni-verniciatura.jpg\" alt=\"\" class=\"displayed-image\"\/><\/li><li><img src=\"https:\/\/grpainting.it\/wp-content\/uploads\/2015\/04\/stabilimento-verniciatura-gr-painting-torino.jpg\" alt=\"\" class=\"displayed-image\"\/><\/li><li><img src=\"https:\/\/grpainting.it\/wp-content\/uploads\/2015\/04\/stabilimento-laterale.jpg\" alt=\"\" class=\"displayed-image\"\/><\/li><li><img src=\"https:\/\/grpainting.it\/wp-content\/uploads\/2015\/04\/zona-finitura.jpg\" alt=\"\" class=\"displayed-image\"\/><\/li><li><img src=\"https:\/\/grpainting.it\/wp-content\/uploads\/2015\/04\/tintometro-per-vernici.jpg\" alt=\"\" class=\"displayed-image\"\/><\/li><\/ul><\/div><\/div><\/div>\n<script type=\"text\/javascript\">\n\tjQuery(window).load(function() {\n\t\tjQuery(\"#flexID69d22038f538\").flexslider({\n\t\t\tanimation: \"fade\",\n\t\t\tslideshow: true,\n\t\t\tpauseOnAction: true,\n\t\t\tpauseOnHover: true,\n\t\t\tsmoothHeight: true,\n\t\t\tcontrolsContainer: \"flexslider-container-ID69d22038f538\",\n\t\t\tstart: function(){\n\t\t\t\tjQuery(\".flexslider-loader\").slideUp(\"fast\");\n\t\t\t}\n\t\t});\n\t});\n<\/script>\n\n<h4><span style=\"color: #ffffff;\">\u00a0&#8211;<\/span><\/h4>\n<h4><span style=\"color: #454545;\"><strong>Mehr als 2000 m\u00b2 \u00fcberdeckte Fl\u00e4che<\/strong><\/span><\/h4>\n<p>Gr Painting sitzt im Turiner Hinterland, in einem modernen, erst k\u00fcrzlich ausgebauten Werk (mehr als 2000 m\u00b2 \u00fcberdeckte Fl\u00e4che). Der Aufbau der Halle ber\u00fccksichtigt dabei sowohl die Anforderungen des Fertigungsablaufs als auch die logistischen Erfordernisse. Zudem wurde bereits bei der Planung auf die Gew\u00e4hrleistung \u00e4u\u00dferster Vertraulichkeit gesetzt. Das Werk besteht aus:<\/p>\n<ul>\n<li style=\"padding-left: 30px;\">einem gro\u00dfen Ausstellungsraum f\u00fcr die Pr\u00e4sentation der Produkte<\/li>\n<li style=\"padding-left: 30px;\">sechs Bereichen f\u00fcr die Vorbereitung, Bearbeitung und Oberfl\u00e4chenausf\u00fchrung der Erzeugnisse<\/li>\n<li style=\"padding-left: 30px;\">sechs Lackierungs\u00f6fen und Lacktrocknern<\/li>\n<li style=\"padding-left: 30px;\">einem Trocknungsofen mit maximal 200 \u00b0C Betriebstemperatur<\/li>\n<\/ul>\n<p>Gr Painting z\u00e4hlt auch dank dieser Ausstattungen zu den modernsten Betrieben der Branche auf internationaler Ebene.<br \/>\nUnsere Kunden empfangen wir im komfortablen Rezeptionsbereich und in den auf zwei Ebenen angeordneten B\u00fcror\u00e4umen, die ebenfalls erst k\u00fcrzlich erbaut wurden.<\/p>\n<h4><span style=\"color: #454545;\"><strong>Hohe Vertraulichkeitsstandards<\/strong><\/span><\/h4>\n<p><img loading=\"lazy\" class=\"alignleft wp-image-6762\" src=\"http:\/\/grpainting.it\/wp-content\/uploads\/2015\/04\/restricted-area-2.png\" alt=\"restricted-area-2\" width=\"97\" height=\"72\" srcset=\"https:\/\/grpainting.it\/wp-content\/uploads\/2015\/04\/restricted-area-2.png 834w, https:\/\/grpainting.it\/wp-content\/uploads\/2015\/04\/restricted-area-2-300x224.png 300w, https:\/\/grpainting.it\/wp-content\/uploads\/2015\/04\/restricted-area-2-700x523.png 700w, https:\/\/grpainting.it\/wp-content\/uploads\/2015\/04\/restricted-area-2-50x37.png 50w\" sizes=\"(max-width: 97px) 100vw, 97px\" \/>Eine durchdachte Planung der <strong>\u201eTop secret\u201c-Bereiche<\/strong> sorgt daf\u00fcr, dass die Bearbeitungsr\u00e4ume jeweils mit einem gesonderten Eintrittsbereich f\u00fcr Kunden ausgestattet sind. Die Kunden werden von der Rezeption bis in den entsprechenden Bereich geleitet, ohne dabei andere Bereiche betreten zu m\u00fcssen, in denen andere Projekte bearbeitet\/lackiert werden. Die Korridorw\u00e4nde sch\u00fctzen vor indiskreten Blicken.<br \/>\nNeben den strengen Vorkehrungen bei der Begleitung der Delegationen zu den entsprechenden Bereichen wurden zus\u00e4tzliche Vorsichtsma\u00dfnahmen getroffen: So ist es den Mitarbeitern verboten, die Arbeitsbereiche mit Mobiltelefonen, Smartphones oder Digitalkameras zu betreten, eben um jede m\u00f6gliche Verletzung der Geheimhaltungspflicht innerhalb dieser so empfindlichen Branche zu vermeiden.<\/p>","protected":false},"excerpt":{"rendered":"<p>\u00a0&#8211; Mehr als 2000 m\u00b2 \u00fcberdeckte Fl\u00e4che Gr Painting sitzt im Turiner Hinterland, in einem modernen, erst k\u00fcrzlich ausgebauten Werk (mehr als 2000 m\u00b2 \u00fcberdeckte Fl\u00e4che). Der Aufbau der Halle ber\u00fccksichtigt dabei sowohl die Anforderungen des Fertigungsablaufs als auch die logistischen Erfordernisse. Zudem wurde bereits bei der Planung auf die Gew\u00e4hrleistung \u00e4u\u00dferster Vertraulichkeit gesetzt. Das Werk besteht aus: einem gro\u00dfen Ausstellungsraum f\u00fcr die Pr\u00e4sentation der Produkte sechs Bereichen f\u00fcr die Vorbereitung, Bearbeitung und Oberfl\u00e4chenausf\u00fchrung der Erzeugnisse sechs Lackierungs\u00f6fen und Lacktrocknern [&hellip;]<\/p>\n","protected":false},"author":1,"featured_media":0,"parent":6054,"menu_order":3,"comment_status":"closed","ping_status":"closed","template":"","meta":[],"aioseo_notices":[],"_links":{"self":[{"href":"https:\/\/grpainting.it\/de\/wp-json\/wp\/v2\/pages\/6030"}],"collection":[{"href":"https:\/\/grpainting.it\/de\/wp-json\/wp\/v2\/pages"}],"about":[{"href":"https:\/\/grpainting.it\/de\/wp-json\/wp\/v2\/types\/page"}],"author":[{"embeddable":true,"href":"https:\/\/grpainting.it\/de\/wp-json\/wp\/v2\/users\/1"}],"replies":[{"embeddable":true,"href":"https:\/\/grpainting.it\/de\/wp-json\/wp\/v2\/comments?post=6030"}],"version-history":[{"count":44,"href":"https:\/\/grpainting.it\/de\/wp-json\/wp\/v2\/pages\/6030\/revisions"}],"predecessor-version":[{"id":6897,"href":"https:\/\/grpainting.it\/de\/wp-json\/wp\/v2\/pages\/6030\/revisions\/6897"}],"up":[{"embeddable":true,"href":"https:\/\/grpainting.it\/de\/wp-json\/wp\/v2\/pages\/6054"}],"wp:attachment":[{"href":"https:\/\/grpainting.it\/de\/wp-json\/wp\/v2\/media?parent=6030"}],"curies":[{"name":"wp","href":"https:\/\/api.w.org\/{rel}","templated":true}]}}