{"id":6000,"date":"2015-03-24T20:51:44","date_gmt":"2015-03-24T20:51:44","guid":{"rendered":"http:\/\/grpainting.it\/?page_id=6000"},"modified":"2022-09-21T10:27:34","modified_gmt":"2022-09-21T10:27:34","slug":"verniciature-speciali","status":"publish","type":"page","link":"https:\/\/grpainting.it\/de\/verniciature-speciali\/","title":{"rendered":"Leistungen"},"content":{"rendered":"<p><\/p>\n<div class=\"slide-container-hor\">\n\t<div class=\"spaced-wrap clearfix\">\n\t\t<div class=\"flexslider-loader\"><\/div>\n\t\t<div class=\"flexslider-container-page flexislider-container-ID69e5d752480c \">\n\t\t\t<div id=\"flexID69e5d752480c\" class=\"flexslider\">\n\t\t\t<ul class=\"slides\"><li><img src=\"https:\/\/grpainting.it\/wp-content\/uploads\/2015\/03\/verniciatura-metalluri.jpg\" alt=\"Verniciatura speciale metalluri\" class=\"displayed-image\"\/><\/li><li><img src=\"https:\/\/grpainting.it\/wp-content\/uploads\/2015\/03\/verniciatura-effetto-cromo.jpg\" alt=\"verniciatura ad effetto cromo\" class=\"displayed-image\"\/><\/li><li><img src=\"https:\/\/grpainting.it\/wp-content\/uploads\/2015\/03\/carteggiatura-seppiatura.jpg\" alt=\"carteggiatura e seppiatura\" class=\"displayed-image\"\/><\/li><li><img src=\"https:\/\/grpainting.it\/wp-content\/uploads\/2015\/03\/verniciatore-in-cabina.jpg\" alt=\"verniciatore in cabina\" class=\"displayed-image\"\/><\/li><li><img src=\"https:\/\/grpainting.it\/wp-content\/uploads\/2015\/03\/campioni-colore-RAL-glasurit.jpg\" alt=\"verniciature speciali, campionari RAL - Glasurit\" class=\"displayed-image\"\/><\/li><\/ul><\/div><\/div><\/div>\n<script type=\"text\/javascript\">\n\tjQuery(window).load(function() {\n\t\tjQuery(\"#flexID69e5d752480c\").flexslider({\n\t\t\tanimation: \"fade\",\n\t\t\tslideshow: true,\n\t\t\tpauseOnAction: true,\n\t\t\tpauseOnHover: true,\n\t\t\tsmoothHeight: true,\n\t\t\tcontrolsContainer: \"flexslider-container-ID69e5d752480c\",\n\t\t\tstart: function(){\n\t\t\t\tjQuery(\".flexslider-loader\").slideUp(\"fast\");\n\t\t\t}\n\t\t});\n\t});\n<\/script>\n<\/div>\n<h4><span style=\"color: #454545;\"><strong>Sonderlackierungen, Lackierung von Prototypen, Stilmodelle, Karosserie-Vorserien, Produkte f\u00fcr die Luft- und Schifffahrt<\/strong><\/span><\/h4>\n<p>Die modernen Arbeitsbereiche und gro\u00dfen Strukturen von Gr Painting erm\u00f6glichen die Bearbeitung verschiedenster Produkttypen:<\/p>\n<ul>\n<li><strong>Modelle<\/strong> &#8211; Aus Gips, Polystyrol, Clay, Epowood usw.<\/li>\n<li><strong>Produkte f\u00fcr die Luft- und Schifffahrt<\/strong>.<\/li>\n<li><strong>Prototypen<\/strong> &#8211; Aus Metall, Kunststoff oder Verbundstoffen<\/li>\n<\/ul>\n<p>Dank der Erweiterung der Betriebsr\u00e4ume hat Gr Painting auch das Leistungsspektrum vergr\u00f6\u00dfert und bietet nun auch die Oberfl\u00e4chenbearbeitungen und Lackierung von Vorserien-Prototypen an (Reinigung der Karosserie aus Blech\/Aluminium, Brennverfahren bei 200 \u00b0C, Versiegelung und Lackierung).<\/p>\n<blockquote>\n<h4><span style=\"color: #454545;\"><strong>Farbmessger\u00e4t, Farblabor und Speziallackierungen <\/strong><\/span><\/h4>\n<p>Das betriebseigene Farbanalyselabor erm\u00f6glicht die Ausf\u00fchrung von Lackierungen mit Oberfl\u00e4chen-Spezialeffekten, wie zum Beispiel: <em><strong>Metallicfarben<\/strong><\/em> <em> Farben mit<strong> Chromeffekt<\/strong><\/em> <em> <strong>Tintenfarben<\/strong><\/em><\/p><\/blockquote>\n<p><\/p>","protected":false},"excerpt":{"rendered":"<p>Sonderlackierungen, Lackierung von Prototypen, Stilmodelle, Karosserie-Vorserien, Produkte f\u00fcr die Luft- und Schifffahrt Die modernen Arbeitsbereiche und gro\u00dfen Strukturen von Gr Painting erm\u00f6glichen die Bearbeitung verschiedenster Produkttypen: Modelle &#8211; Aus Gips, Polystyrol, Clay, Epowood usw. Produkte f\u00fcr die Luft- und Schifffahrt. Prototypen &#8211; Aus Metall, Kunststoff oder Verbundstoffen Dank der Erweiterung der Betriebsr\u00e4ume hat Gr Painting auch das Leistungsspektrum vergr\u00f6\u00dfert und bietet nun auch die Oberfl\u00e4chenbearbeitungen und Lackierung von Vorserien-Prototypen an (Reinigung der Karosserie aus Blech\/Aluminium, Brennverfahren bei 200 \u00b0C, Versiegelung [&hellip;]<\/p>\n","protected":false},"author":1,"featured_media":0,"parent":0,"menu_order":0,"comment_status":"closed","ping_status":"open","template":"","meta":[],"aioseo_notices":[],"_links":{"self":[{"href":"https:\/\/grpainting.it\/de\/wp-json\/wp\/v2\/pages\/6000"}],"collection":[{"href":"https:\/\/grpainting.it\/de\/wp-json\/wp\/v2\/pages"}],"about":[{"href":"https:\/\/grpainting.it\/de\/wp-json\/wp\/v2\/types\/page"}],"author":[{"embeddable":true,"href":"https:\/\/grpainting.it\/de\/wp-json\/wp\/v2\/users\/1"}],"replies":[{"embeddable":true,"href":"https:\/\/grpainting.it\/de\/wp-json\/wp\/v2\/comments?post=6000"}],"version-history":[{"count":35,"href":"https:\/\/grpainting.it\/de\/wp-json\/wp\/v2\/pages\/6000\/revisions"}],"predecessor-version":[{"id":6961,"href":"https:\/\/grpainting.it\/de\/wp-json\/wp\/v2\/pages\/6000\/revisions\/6961"}],"wp:attachment":[{"href":"https:\/\/grpainting.it\/de\/wp-json\/wp\/v2\/media?parent=6000"}],"curies":[{"name":"wp","href":"https:\/\/api.w.org\/{rel}","templated":true}]}}