{"id":5992,"date":"2015-03-24T19:20:31","date_gmt":"2015-03-24T19:20:31","guid":{"rendered":"http:\/\/grpainting.it\/?page_id=5992"},"modified":"2022-09-21T11:23:08","modified_gmt":"2022-09-21T11:23:08","slug":"verniciatura-prototipi-modelli","status":"publish","type":"page","link":"https:\/\/grpainting.it\/de\/chi-siamo\/verniciatura-prototipi-modelli\/","title":{"rendered":"Pr\u00e4sentation"},"content":{"rendered":"<p><\/p>\n<div class=\"slide-container-hor\">\n\t<div class=\"spaced-wrap clearfix\">\n\t\t<div class=\"flexslider-loader\"><\/div>\n\t\t<div class=\"flexslider-container-page flexislider-container-ID69d8b0e26144 \">\n\t\t\t<div id=\"flexID69d8b0e26144\" class=\"flexslider\">\n\t\t\t<ul class=\"slides\"><li><img src=\"https:\/\/grpainting.it\/wp-content\/uploads\/2015\/03\/gr-painting-stabilimento-verniciature-speciali-none.jpg\" alt=\"Gr Painting. Lo stabilimento di None (Torino)\" class=\"displayed-image\"\/><\/li><li><img src=\"https:\/\/grpainting.it\/wp-content\/uploads\/2015\/03\/tintometro-gr-painting-2.jpg\" alt=\"Areadi preparazione prototipi\" class=\"displayed-image\"\/><\/li><li><img src=\"https:\/\/grpainting.it\/wp-content\/uploads\/2015\/03\/seppiatura-carrozzerie.jpg\" alt=\"Modello in verniciatura\" class=\"displayed-image\"\/><\/li><li><img src=\"https:\/\/grpainting.it\/wp-content\/uploads\/2015\/03\/verniciatura-carrozzeria-prototipo-porsche.jpg\" alt=\"Prototipo in vernciatura\" class=\"displayed-image\"\/><\/li><\/ul><\/div><\/div><\/div>\n<script type=\"text\/javascript\">\n\tjQuery(window).load(function() {\n\t\tjQuery(\"#flexID69d8b0e26144\").flexslider({\n\t\t\tanimation: \"fade\",\n\t\t\tslideshow: true,\n\t\t\tpauseOnAction: true,\n\t\t\tpauseOnHover: true,\n\t\t\tsmoothHeight: true,\n\t\t\tcontrolsContainer: \"flexslider-container-ID69d8b0e26144\",\n\t\t\tstart: function(){\n\t\t\t\tjQuery(\".flexslider-loader\").slideUp(\"fast\");\n\t\t\t}\n\t\t});\n\t});\n<\/script>\n<\/div>\n<h4><strong><span style=\"color: #454545;\">Gr\u00a0Painting: Qualitativ hochwertige Prototypen- und Modelllackierung auf internationalem Niveau<\/span><\/strong><\/h4>\n<p>Gr\u00a0Painting S.r.l. steht international f\u00fcr <strong>Lackierungen von Prototypen und Modellen, die h\u00f6chsten Qualit\u00e4tsanforderungen gen\u00fcgen<\/strong>. In unserem mit modernster Technik ausgestatteten Betrieb am Firmensitz in None in der Provinz Turin bieten wir Lackierungen f\u00fcr die unterschiedlichsten Bereiche: von der Automobilindustrie \u00fcber den Bootsbau, die Luftfahrt und seriell hergestellte Dekoartikel bis hin zur Einrichtungsbranche und Architektur. Unser Service umfasst dabei die Lackierung von Prototypen bis hin zu kleinen Serien.<\/p>\n<h5><strong><span style=\"color: #454545;\">Die Lackierung: Das greifbarste Element Ihres Produkts<\/span><\/strong><\/h5>\n<p>Die Lackierung stellt die letzte Phase in der Umsetzung der innovativen Ideen unserer Kunden dar und ist somit auch das greifbarste Element, denn sie stellt einen direkten Kontakt zum Betrachter her. Genau deshalb ist das 20-k\u00f6pfige, sorgsam ausgew\u00e4hlte Mitarbeiterteam von Gr\u00a0Painting auch auf die Pr\u00fcfung und den Schliff der Oberfl\u00e4chen und theoretischen Grundlinien spezialisiert. Diese beiden Schritte werden unmittelbar vor der eigentlichen Lackierung des Produkts vorgenommen. Unsere langj\u00e4hrige Zusammenarbeit mit den wichtigsten Entwicklern und Designern in Turin und im Ausland sowie mit verschiedenen Automobilherstellern, die uns immer wieder ihre Modelle und Prototypen (statisch und dynamisch) anvertrauen, ist f\u00fcr uns Grund stolz zu sein und f\u00fcr Sie eine Garantie f\u00fcr unsere Professionalit\u00e4t und h\u00f6chste Qualit\u00e4t.<\/p>\n<div class=\"toggle-shortcode-wrap clearfix\"><h3 class=\"toggle-shortcode \">Der Gr\u00fcnder: Roberto Gatto...<\/h3><div class=\"toggle-container toggle-display-closed\"> Die Geschichte von <em>Gr\u00a0Painting S.r.l.<\/em> ist eng mit dem Namen und dem beruflichen Werdegang ihres Gr\u00fcnders verbunden, denn das Unternehmen ging aus dem Betrieb <em>Gr\u00a0Painting prototypes and models di Roberto Gatto<\/em> hervor, der seit jeher mit den wichtigsten Modellbauern und Lackierereien im Umland von Turin kooperiert und diese beraten hat.<\/p>\n<p><a href=\"https:\/\/grpainting.it\/wp-content\/uploads\/2015\/03\/roberto-gatto-2.jpg\"><img loading=\"lazy\" class=\"wp-image-6166 size-medium alignleft\" src=\"https:\/\/grpainting.it\/wp-content\/uploads\/2015\/03\/roberto-gatto-2-300x123.jpg\" alt=\"Roberto Gatto, esperto di verniciatura di alta qualit\u00e0\" width=\"300\" height=\"123\" srcset=\"https:\/\/grpainting.it\/wp-content\/uploads\/2015\/03\/roberto-gatto-2-300x123.jpg 300w, https:\/\/grpainting.it\/wp-content\/uploads\/2015\/03\/roberto-gatto-2-1024x420.jpg 1024w, https:\/\/grpainting.it\/wp-content\/uploads\/2015\/03\/roberto-gatto-2-1200x493.jpg 1200w, https:\/\/grpainting.it\/wp-content\/uploads\/2015\/03\/roberto-gatto-2-924x379.jpg 924w, https:\/\/grpainting.it\/wp-content\/uploads\/2015\/03\/roberto-gatto-2-700x287.jpg 700w, https:\/\/grpainting.it\/wp-content\/uploads\/2015\/03\/roberto-gatto-2-50x21.jpg 50w\" sizes=\"(max-width: 300px) 100vw, 300px\" \/><\/a><\/p>\n<h5><strong>Ein Experte im Bereich Lackierung und Oberfl\u00e4chenmorphologie von Prototypen und Modellen<\/strong><\/h5>\n<p>W\u00e4hrend seiner T\u00e4tigkeit bei Unternehmen mit \u00e4u\u00dferst unterschiedlichem Profil \u2013 ausgehend von den Modellbauern mit ihrem besonderen Augenmerk f\u00fcr die Pflege der Volumen und das Abrichten der Fl\u00e4chenwinkel, bis hin zu professionellen Lackierbetrieben \u2013 sammelte Roberto Gatto vielf\u00e4ltige Erfahrungen. Mit Leidenschaft erarbeitete er sich so im Laufe der Jahre ein umfassendes Wissen, das ihn zu einem Experten f\u00fcr die Lackierung und Oberfl\u00e4chenmorphologie von Prototypen und Modellen macht. Sein Elan und seine Professionalit\u00e4t pr\u00e4gen das gesamte Team von Gr\u00a0Painting, das dadurch in der Lage ist, namhafte internationale Auftraggeber fachlich kompetent zu beraten und ihnen einen globalen Service anzubieten, der \u00fcber den Bereich der Lackierung hinausgeht. <\/div><\/div><\/p>","protected":false},"excerpt":{"rendered":"<p>Gr\u00a0Painting: Qualitativ hochwertige Prototypen- und Modelllackierung auf internationalem Niveau Gr\u00a0Painting S.r.l. steht international f\u00fcr Lackierungen von Prototypen und Modellen, die h\u00f6chsten Qualit\u00e4tsanforderungen gen\u00fcgen. In unserem mit modernster Technik ausgestatteten Betrieb am Firmensitz in None in der Provinz Turin bieten wir Lackierungen f\u00fcr die unterschiedlichsten Bereiche: von der Automobilindustrie \u00fcber den Bootsbau, die Luftfahrt und seriell hergestellte Dekoartikel bis hin zur Einrichtungsbranche und Architektur. Unser Service umfasst dabei die Lackierung von Prototypen bis hin zu kleinen Serien. Die Lackierung: Das greifbarste [&hellip;]<\/p>\n","protected":false},"author":1,"featured_media":0,"parent":6054,"menu_order":1,"comment_status":"closed","ping_status":"closed","template":"","meta":[],"aioseo_notices":[],"_links":{"self":[{"href":"https:\/\/grpainting.it\/de\/wp-json\/wp\/v2\/pages\/5992"}],"collection":[{"href":"https:\/\/grpainting.it\/de\/wp-json\/wp\/v2\/pages"}],"about":[{"href":"https:\/\/grpainting.it\/de\/wp-json\/wp\/v2\/types\/page"}],"author":[{"embeddable":true,"href":"https:\/\/grpainting.it\/de\/wp-json\/wp\/v2\/users\/1"}],"replies":[{"embeddable":true,"href":"https:\/\/grpainting.it\/de\/wp-json\/wp\/v2\/comments?post=5992"}],"version-history":[{"count":112,"href":"https:\/\/grpainting.it\/de\/wp-json\/wp\/v2\/pages\/5992\/revisions"}],"predecessor-version":[{"id":7325,"href":"https:\/\/grpainting.it\/de\/wp-json\/wp\/v2\/pages\/5992\/revisions\/7325"}],"up":[{"embeddable":true,"href":"https:\/\/grpainting.it\/de\/wp-json\/wp\/v2\/pages\/6054"}],"wp:attachment":[{"href":"https:\/\/grpainting.it\/de\/wp-json\/wp\/v2\/media?parent=5992"}],"curies":[{"name":"wp","href":"https:\/\/api.w.org\/{rel}","templated":true}]}}